{"id":163,"date":"2019-06-24T22:20:43","date_gmt":"2019-06-24T20:20:43","guid":{"rendered":"http:\/\/www.mimosa.villas\/explore\/?page_id=163"},"modified":"2020-03-11T00:22:53","modified_gmt":"2020-03-10T23:22:53","slug":"photo-credits","status":"publish","type":"page","link":"https:\/\/www.mimosa.villas\/explore\/photo-credits\/","title":{"rendered":"Photo Credits"},"content":{"rendered":"\n<h2 class=\"wp-block-heading\">Photo Credits<\/h2>\n\n\n\n<h4 class=\"wp-block-heading\">Thank you to the Comit\u00e9 R\u00e9gional du Tourisme Riviera  C\u00f4te d&#8217;Azur (CRTRCA), the GIE Tahiti Tourisme and to our photographers.<br><br>Images and icons have been  given by licence by the copyright holders below,<br><br><\/h4>\n\n\n\n<div class=\"wp-block-image\"><figure class=\"alignleft is-resized\"><img loading=\"lazy\" decoding=\"async\" src=\"https:\/\/www.mimosa.villas\/explore\/wp-content\/uploads\/2019\/06\/apn.jpg\" alt=\"\" class=\"wp-image-164\" width=\"150\" height=\"150\" srcset=\"https:\/\/www.mimosa.villas\/explore\/wp-content\/uploads\/2019\/06\/apn.jpg 300w, https:\/\/www.mimosa.villas\/explore\/wp-content\/uploads\/2019\/06\/apn-150x150.jpg 150w\" sizes=\"auto, (max-width: 150px) 100vw, 150px\" \/><\/figure><\/div>\n\n\n\n<p>Homepage<br>1 Pool \/ 7 Sunshades \/ 9 Large Pool \/ 12  Esterel Sunset \/ \u2013 \u00a9 Denis LAXENAIRE<br>2 Roquebrune \/  \u2013 \u00a9 CRT Riviera C\u00f4te  d&#8217;Azur &#8211; Georges VERAN<br>3 Eze \/ &#8211; \u00a9 CRT C\u00f4te d&#8217;Azur France &#8211; Ga\u00ebl SIMON<br>5  Th\u00e9oule rocks \/ 6 Antibes vue du ciel \/ &#8211; \u00a9 CRT Riviera C\u00f4te d&#8217;Azur &#8211; Pierre  BEHAR<br>4 Deluxe Pool \/ \u00a9 <a rel=\"noreferrer noopener\" href=\"https:\/\/fr.123rf.com\/profile_numismarty\" target=\"_blank\">numismarty \/ 123RF Banque d&#8217;images<\/a><br>8 Girl beach Cannes \/  \u00a9 <a rel=\"noreferrer noopener\" href=\"https:\/\/fr.123rf.com\/profile_castecodesign\" target=\"_blank\">castecodesign \/ 123RF Banque d&#8217;images<\/a><br>10 La Ciotat \/ \u00a9 <a rel=\"noreferrer noopener\" href=\"https:\/\/fr.123rf.com\/profile_atomdruid\" target=\"_blank\">atomdruid \/ 123RF  Banque d&#8217;images<\/a><br>11 Cannes evening \/ \u00a9 <a rel=\"noreferrer noopener\" href=\"https:\/\/fr.123rf.com\/profile_prosiaczeq\" target=\"_blank\">prosiaczeq \/ 123RF Banque d&#8217;images<\/a> <\/p>\n\n\n\n<p> 1 Sunset \/ 3 Aerial Views \/ 6 Legends Villa \/ \u2013 \u00a9 Denis  Laxenaire<br>2 and 7 Beach Villas \/ \u2013 \u00a9 Robinson&#8217;s Cove Villas Moorea<br>4  Outrigger Canoe \/ \u2013 \u00a9 GIE Tahiti Tourisme &#8211; Gilles Diraimondo \/ AMV Voyages<br>8  Dance \/ \u2013 \u00a9 GIE Tahiti Tourisme &#8211; L.Pesquie<\/p>\n\n\n\n<div class=\"wp-block-image\"><figure class=\"alignright\"><img loading=\"lazy\" decoding=\"async\" width=\"375\" height=\"500\" src=\"https:\/\/www.mimosa.villas\/explore\/wp-content\/uploads\/2019\/06\/spathoglottis.jpg\" alt=\"\" class=\"wp-image-166\" srcset=\"https:\/\/www.mimosa.villas\/explore\/wp-content\/uploads\/2019\/06\/spathoglottis.jpg 375w, https:\/\/www.mimosa.villas\/explore\/wp-content\/uploads\/2019\/06\/spathoglottis-225x300.jpg 225w\" sizes=\"auto, (max-width: 375px) 100vw, 375px\" \/><\/figure><\/div>\n\n\n\n<p> Why renting a home<br>Beach  villa \/ \u2013 \u00a9 Robinson&#8217;s Cove Villas Moorea<\/p>\n\n\n\n<p>Why French Polynesia<br>Oil on  canvas, 95 x 130 cm &#8211; Paul Gauguin, Nave nave mahana, Fine Arts Museum, Lyon<br> Lagoon tour \/ \u2013 \u00a9 GIE Tahiti Tourisme &#8211; Tim McKenna<br>Tahitian dance \/ \u2013 \u00a9 GIE  Tahiti Tourisme &#8211; Shigeo_Kobayashi<br>Aquatint &#8211; Robert Dodd (1748-1815) &#8211; The  Mutineers (&#8230;), National Maritime Museum of London<br>Beach villa  \u2013 \u00a9  Robinson&#8217;s Cove villas Moorea<br>Aerien view \u2013 \u00a9 GIE Tahiti Tourisme &#8211; Beno\u00eet  Stichelbault<\/p>\n\n\n\n<p>Island pages <br>Tahiti waterfall \/ Rangiroa \u2013 \u00a9 GIE Tahiti  Tourisme &#8211; Danee Hazama<br>Moorea \/ Bora Bora \u2013 \u00a9 GIE Tahiti Tourisme &#8211; Tim  McKenna<br>Tahaa \/ Raiatea \/ Manihi \u2013 \u00a9 GIE Tahiti Tourisme &#8211; Philippe  Bacchet<br>Huahine \/ \u2013 \u00a9 GIE Tahiti Tourisme &#8211; Lucien Pesqui\u00e9 &#8211; Blue Lagon  Productions<br>Maupiti  \u2013 \u00a9 GIE Tahiti Tourisme &#8211; Rodolphe Holler<br>Tikehau \u2013 \u00a9  GIE Tahiti Tourisme &#8211; Benjamin Thouard<br>Fakarava \u2013 \u00a9 GIE Tahiti  Tourisme<\/p>\n\n\n\n<p>Travelers<br>Top,  Pool \/ \u00a9 <a href=\"https:\/\/fr.123rf.com\/profile_goodluz\">goodluz \/ 123RF Banque  d&#8217;images<\/a><br>1 Family \/ \u00a9 <a href=\"https:\/\/fr.123rf.com\/profile_kzenon\">kzenon \/ 123RF Banque d&#8217;images<\/a> <br>2 Couple \/ \u00a9 <a href=\"https:\/\/fr.123rf.com\/profile_grinvalds\">grinvalds \/  123RF Banque d&#8217;images<\/a><br>3 Group of friends \/ \u00a9 <a href=\"https:\/\/fr.123rf.com\/profile_oneinchpunch\">oneinchpunch  \/ 123RF Banque d&#8217;images<\/a><br><br>Services<br>Top, Golf \/ \u00a9 <a href=\"https:\/\/fr.123rf.com\/profile_epicstockmedia\">epicstockmedia  \/ 123RF Banque d&#8217;images<\/a><br>Top, Baby sitter <a href=\"https:\/\/fr.123rf.com\/profile_zinkevych\">zinkevych  \/ 123RF Banque d&#8217;images<\/a><br>Top, Restaurant \/ \u00a9 <a href=\"https:\/\/fr.123rf.com\/profile_davidfranklinstudioworks\">davidfranklinstudioworks  \/ 123RF Banque d&#8217;images<\/a><br>Jet Ski \/ \u00a9 <a href=\"https:\/\/fr.123rf.com\/profile_300dpi\">300dpi  \/ 123RF Banque d&#8217;images<\/a><br>Paddle \/ \u00a9 <a href=\"https:\/\/fr.123rf.com\/profile_oneinchpunch\">oneinchpunch  \/ 123RF Banque d&#8217;images<\/a><br>Restaurant \/ \u00a9 <a href=\"https:\/\/fr.123rf.com\/profile_davidfranklinstudioworks\">davidfranklinstudioworks  \/ 123RF Banque d&#8217;images<\/a><br>Dolphins \/ \u00a9 <a href=\"https:\/\/fr.123rf.com\/profile_oneinchpunch\">oneinchpunch  \/ 123RF Banque d&#8217;images<\/a><br>Boat \/ \u00a9 <a href=\"https:\/\/fr.123rf.com\/profile_isabela66\">isabela66  \/ 123RF Banque d&#8217;images<\/a><br>Cocktails \/ \u00a9<a href=\"https:\/\/fr.123rf.com\/profile_anyaberkut\">anyaberkut  \/ 123RF Banque d&#8217;images<\/a><\/p>\n\n\n\n<p>Flights and ferries page<br>Air Tahiti plane\/ \u2013 \u00a9 GIE Tahiti  Tourisme<\/p>\n\n\n\n<p>Online &amp; Onsite Concept<br>1 Sunshades \/  \u00a9 <a rel=\"noreferrer noopener\" href=\"https:\/\/fr.123rf.com\/profile_paylessimages\" target=\"_blank\">paylessimages \/ 123RF Banque d&#8217;images<\/a> <br><br>Our passion\u2026  le Sud in France<br>1 Fireworks \/ \u00a9 <a href=\"https:\/\/fr.123rf.com\/profile_manjik\">manjik  \/ 123RF Banque d&#8217;images<\/a><br><br>Why choosing Mimosa Villas<br>1 Couple in  pool \/ \u00a9 <a href=\"https:\/\/fr.123rf.com\/profile_goodluz\">goodluz \/ 123RF Banque  d&#8217;images<\/a><br><br>Owners<br>1 Top, Villa with pool \/ \u00a9 Denis LAXENAIRE<br>2  Couple with cups \/ \u00a9 <a href=\"https:\/\/fr.123rf.com\/profile_dotshock\">dotshock \/  123RF Banque d&#8217;images<\/a><br><br>Travel operator<br>1 Woman traveler \/ \u00a9 <a href=\"https:\/\/fr.123rf.com\/profile_rh2010\">rh2010 \/ 123RF Banque  d&#8217;images<\/a><br><br>Reviews<br>1 Guests arriving \/ \u00a9 <a href=\"https:\/\/fr.123rf.com\/profile_gmast3r\">gmast3r  \/ 123RF Banque d&#8217;images<\/a><br>2 Blue shutters on Villefranche \/ \u00a9 <a rel=\"noreferrer noopener\" href=\"https:\/\/fr.123rf.com\/profile_neirfy\" target=\"_blank\">neirfy \/ 123RF Banque d&#8217;images<\/a> <br><br>Icons<br>\u00a9 <a rel=\"noreferrer noopener\" href=\"https:\/\/fr.123rf.com\/profile_lesnnik\" target=\"_blank\">lesnnik \/ 123RF Banque d&#8217;images<\/a><br>\u00a9 <a rel=\"noreferrer noopener\" href=\"https:\/\/fr.123rf.com\/profile_bearsky23\" target=\"_blank\">bearsky23 \/ 123RF Banque d&#8217;images<\/a><br>\u00a9 <a rel=\"noreferrer noopener\" href=\"https:\/\/fr.123rf.com\/profile_kanate\" target=\"_blank\">kanate \/ 123RF Banque d&#8217;images<\/a><br>\u00a9 <a rel=\"noreferrer noopener\" href=\"https:\/\/fr.123rf.com\/profile_julynx\" target=\"_blank\">julynx \/ 123RF Banque d&#8217;images<\/a><br>\u00a9 <a rel=\"noreferrer noopener\" href=\"https:\/\/fr.123rf.com\/profile_colorlife\" target=\"_blank\">colorlife \/ 123RF Banque d&#8217;images<\/a><br>\u00a9 <a rel=\"noreferrer noopener\" href=\"https:\/\/fr.123rf.com\/profile_teneressa\" target=\"_blank\">teneressa \/ 123RF Banque d&#8217;images<\/a><br>\u00a9 <a rel=\"noreferrer noopener\" href=\"https:\/\/fr.123rf.com\/profile_sharpnose\" target=\"_blank\">sharpnose \/ 123RF Banque d&#8217;images<\/a><br><br>How it works<br>1  Flowers \/ \u00a9 CRT C\u00f4te d&#8217;Azur<br><br>Concierges<br>1 People \/ \u00a9 <a href=\"https:\/\/fr.123rf.com\/profile_georgerudy\">georgerudy  \/ 123RF Banque d&#8217;images<\/a><br><br>About<br>1 Flowers \/ \u00a9 CRT Riviera C\u00f4te  d&#8217;Azur &#8211; Georges VERAN<br>Tiare Tahiti \u2013 \u00a9 GIE Tahiti Tourisme &#8211; Edith  Dafniet<br><br>Photo credits <br>1 Flower\/ \u00a9 Annick  LEPAPE<br><\/p>\n","protected":false},"excerpt":{"rendered":"<p>Photo Credits Thank you to the Comit\u00e9 R\u00e9gional du Tourisme Riviera C\u00f4te d&#8217;Azur (CRTRCA), the GIE Tahiti Tourisme and to&#8230;<\/p>\n","protected":false},"author":2,"featured_media":0,"parent":0,"menu_order":0,"comment_status":"closed","ping_status":"closed","template":"","meta":{"footnotes":""},"class_list":["post-163","page","type-page","status-publish","hentry"],"yoast_head":"<!-- This site is optimized with the Yoast SEO plugin v27.5 - https:\/\/yoast.com\/product\/yoast-seo-wordpress\/ -->\n<title>Photo Credits - Blog<\/title>\n<meta name=\"robots\" content=\"index, follow, max-snippet:-1, max-image-preview:large, max-video-preview:-1\" \/>\n<link rel=\"canonical\" href=\"https:\/\/www.mimosa.villas\/explore\/photo-credits\/\" \/>\n<meta property=\"og:locale\" content=\"en_US\" \/>\n<meta property=\"og:type\" content=\"article\" \/>\n<meta property=\"og:title\" content=\"Photo Credits - Blog\" \/>\n<meta property=\"og:description\" content=\"Photo Credits Thank you to the Comit\u00e9 R\u00e9gional du Tourisme Riviera C\u00f4te d&#8217;Azur (CRTRCA), the GIE Tahiti Tourisme and to...\" \/>\n<meta property=\"og:url\" content=\"https:\/\/www.mimosa.villas\/explore\/photo-credits\/\" \/>\n<meta property=\"og:site_name\" content=\"Blog\" \/>\n<meta property=\"article:modified_time\" content=\"2020-03-10T23:22:53+00:00\" \/>\n<meta property=\"og:image\" content=\"https:\/\/www.mimosa.villas\/explore\/wp-content\/uploads\/2019\/06\/apn.jpg\" \/>\n\t<meta property=\"og:image:width\" content=\"300\" \/>\n\t<meta property=\"og:image:height\" content=\"300\" \/>\n\t<meta property=\"og:image:type\" content=\"image\/jpeg\" \/>\n<meta name=\"twitter:card\" content=\"summary_large_image\" \/>\n<meta name=\"twitter:label1\" content=\"Est. reading time\" \/>\n\t<meta name=\"twitter:data1\" content=\"2 minutes\" \/>\n<script type=\"application\/ld+json\" class=\"yoast-schema-graph\">{\"@context\":\"https:\\\/\\\/schema.org\",\"@graph\":[{\"@type\":\"WebPage\",\"@id\":\"https:\\\/\\\/www.mimosa.villas\\\/explore\\\/photo-credits\\\/\",\"url\":\"https:\\\/\\\/www.mimosa.villas\\\/explore\\\/photo-credits\\\/\",\"name\":\"Photo Credits - Blog\",\"isPartOf\":{\"@id\":\"https:\\\/\\\/www.mimosa.villas\\\/explore\\\/#website\"},\"primaryImageOfPage\":{\"@id\":\"https:\\\/\\\/www.mimosa.villas\\\/explore\\\/photo-credits\\\/#primaryimage\"},\"image\":{\"@id\":\"https:\\\/\\\/www.mimosa.villas\\\/explore\\\/photo-credits\\\/#primaryimage\"},\"thumbnailUrl\":\"https:\\\/\\\/www.mimosa.villas\\\/explore\\\/wp-content\\\/uploads\\\/2019\\\/06\\\/apn.jpg\",\"datePublished\":\"2019-06-24T20:20:43+00:00\",\"dateModified\":\"2020-03-10T23:22:53+00:00\",\"breadcrumb\":{\"@id\":\"https:\\\/\\\/www.mimosa.villas\\\/explore\\\/photo-credits\\\/#breadcrumb\"},\"inLanguage\":\"en-US\",\"potentialAction\":[{\"@type\":\"ReadAction\",\"target\":[\"https:\\\/\\\/www.mimosa.villas\\\/explore\\\/photo-credits\\\/\"]}]},{\"@type\":\"ImageObject\",\"inLanguage\":\"en-US\",\"@id\":\"https:\\\/\\\/www.mimosa.villas\\\/explore\\\/photo-credits\\\/#primaryimage\",\"url\":\"https:\\\/\\\/www.mimosa.villas\\\/explore\\\/wp-content\\\/uploads\\\/2019\\\/06\\\/apn.jpg\",\"contentUrl\":\"https:\\\/\\\/www.mimosa.villas\\\/explore\\\/wp-content\\\/uploads\\\/2019\\\/06\\\/apn.jpg\",\"width\":300,\"height\":300,\"caption\":\"set of flat design,long shadow, thin line party icons, vector illustration\"},{\"@type\":\"BreadcrumbList\",\"@id\":\"https:\\\/\\\/www.mimosa.villas\\\/explore\\\/photo-credits\\\/#breadcrumb\",\"itemListElement\":[{\"@type\":\"ListItem\",\"position\":1,\"name\":\"Portada\",\"item\":\"https:\\\/\\\/www.mimosa.villas\\\/explore\\\/\"},{\"@type\":\"ListItem\",\"position\":2,\"name\":\"Photo Credits\"}]},{\"@type\":\"WebSite\",\"@id\":\"https:\\\/\\\/www.mimosa.villas\\\/explore\\\/#website\",\"url\":\"https:\\\/\\\/www.mimosa.villas\\\/explore\\\/\",\"name\":\"Blog\",\"description\":\"Mimosa Villas\",\"potentialAction\":[{\"@type\":\"SearchAction\",\"target\":{\"@type\":\"EntryPoint\",\"urlTemplate\":\"https:\\\/\\\/www.mimosa.villas\\\/explore\\\/?s={search_term_string}\"},\"query-input\":{\"@type\":\"PropertyValueSpecification\",\"valueRequired\":true,\"valueName\":\"search_term_string\"}}],\"inLanguage\":\"en-US\"}]}<\/script>\n<!-- \/ Yoast SEO plugin. -->","yoast_head_json":{"title":"Photo Credits - Blog","robots":{"index":"index","follow":"follow","max-snippet":"max-snippet:-1","max-image-preview":"max-image-preview:large","max-video-preview":"max-video-preview:-1"},"canonical":"https:\/\/www.mimosa.villas\/explore\/photo-credits\/","og_locale":"en_US","og_type":"article","og_title":"Photo Credits - Blog","og_description":"Photo Credits Thank you to the Comit\u00e9 R\u00e9gional du Tourisme Riviera C\u00f4te d&#8217;Azur (CRTRCA), the GIE Tahiti Tourisme and to...","og_url":"https:\/\/www.mimosa.villas\/explore\/photo-credits\/","og_site_name":"Blog","article_modified_time":"2020-03-10T23:22:53+00:00","og_image":[{"width":300,"height":300,"url":"https:\/\/www.mimosa.villas\/explore\/wp-content\/uploads\/2019\/06\/apn.jpg","type":"image\/jpeg"}],"twitter_card":"summary_large_image","twitter_misc":{"Est. reading time":"2 minutes"},"schema":{"@context":"https:\/\/schema.org","@graph":[{"@type":"WebPage","@id":"https:\/\/www.mimosa.villas\/explore\/photo-credits\/","url":"https:\/\/www.mimosa.villas\/explore\/photo-credits\/","name":"Photo Credits - Blog","isPartOf":{"@id":"https:\/\/www.mimosa.villas\/explore\/#website"},"primaryImageOfPage":{"@id":"https:\/\/www.mimosa.villas\/explore\/photo-credits\/#primaryimage"},"image":{"@id":"https:\/\/www.mimosa.villas\/explore\/photo-credits\/#primaryimage"},"thumbnailUrl":"https:\/\/www.mimosa.villas\/explore\/wp-content\/uploads\/2019\/06\/apn.jpg","datePublished":"2019-06-24T20:20:43+00:00","dateModified":"2020-03-10T23:22:53+00:00","breadcrumb":{"@id":"https:\/\/www.mimosa.villas\/explore\/photo-credits\/#breadcrumb"},"inLanguage":"en-US","potentialAction":[{"@type":"ReadAction","target":["https:\/\/www.mimosa.villas\/explore\/photo-credits\/"]}]},{"@type":"ImageObject","inLanguage":"en-US","@id":"https:\/\/www.mimosa.villas\/explore\/photo-credits\/#primaryimage","url":"https:\/\/www.mimosa.villas\/explore\/wp-content\/uploads\/2019\/06\/apn.jpg","contentUrl":"https:\/\/www.mimosa.villas\/explore\/wp-content\/uploads\/2019\/06\/apn.jpg","width":300,"height":300,"caption":"set of flat design,long shadow, thin line party icons, vector illustration"},{"@type":"BreadcrumbList","@id":"https:\/\/www.mimosa.villas\/explore\/photo-credits\/#breadcrumb","itemListElement":[{"@type":"ListItem","position":1,"name":"Portada","item":"https:\/\/www.mimosa.villas\/explore\/"},{"@type":"ListItem","position":2,"name":"Photo Credits"}]},{"@type":"WebSite","@id":"https:\/\/www.mimosa.villas\/explore\/#website","url":"https:\/\/www.mimosa.villas\/explore\/","name":"Blog","description":"Mimosa Villas","potentialAction":[{"@type":"SearchAction","target":{"@type":"EntryPoint","urlTemplate":"https:\/\/www.mimosa.villas\/explore\/?s={search_term_string}"},"query-input":{"@type":"PropertyValueSpecification","valueRequired":true,"valueName":"search_term_string"}}],"inLanguage":"en-US"}]}},"_links":{"self":[{"href":"https:\/\/www.mimosa.villas\/explore\/wp-json\/wp\/v2\/pages\/163","targetHints":{"allow":["GET"]}}],"collection":[{"href":"https:\/\/www.mimosa.villas\/explore\/wp-json\/wp\/v2\/pages"}],"about":[{"href":"https:\/\/www.mimosa.villas\/explore\/wp-json\/wp\/v2\/types\/page"}],"author":[{"embeddable":true,"href":"https:\/\/www.mimosa.villas\/explore\/wp-json\/wp\/v2\/users\/2"}],"replies":[{"embeddable":true,"href":"https:\/\/www.mimosa.villas\/explore\/wp-json\/wp\/v2\/comments?post=163"}],"version-history":[{"count":4,"href":"https:\/\/www.mimosa.villas\/explore\/wp-json\/wp\/v2\/pages\/163\/revisions"}],"predecessor-version":[{"id":336,"href":"https:\/\/www.mimosa.villas\/explore\/wp-json\/wp\/v2\/pages\/163\/revisions\/336"}],"wp:attachment":[{"href":"https:\/\/www.mimosa.villas\/explore\/wp-json\/wp\/v2\/media?parent=163"}],"curies":[{"name":"wp","href":"https:\/\/api.w.org\/{rel}","templated":true}]}}