{"id":87,"date":"2019-06-20T03:45:14","date_gmt":"2019-06-20T01:45:14","guid":{"rendered":"http:\/\/www.mimosa.villas\/explore\/tahiti-moorea-bora-bora\/"},"modified":"2020-03-11T00:58:37","modified_gmt":"2020-03-10T23:58:37","slug":"tahiti-moorea-bora-bora","status":"publish","type":"page","link":"https:\/\/www.mimosa.villas\/explore\/fr\/tahiti-moorea-bora-bora\/","title":{"rendered":"Tahiti, Moorea, Bora Bora"},"content":{"rendered":"\n<h2 class=\"wp-block-heading\">Tahiti, Moorea, Bora Bora<\/h2>\n\n\n\n<p style=\"color:#0099ff\" class=\"has-text-color has-medium-font-size\"><em><strong>Les 3 joyaux de la Polyn\u00e9sie  Fran\u00e7aise <\/strong><\/em> <\/p>\n\n\n\n<div class=\"wp-block-image\"><figure class=\"alignleft\"><img loading=\"lazy\" decoding=\"async\" width=\"150\" height=\"150\" src=\"https:\/\/www.mimosa.villas\/explore\/wp-content\/uploads\/2019\/07\/surf-rose.jpg\" alt=\"\" class=\"wp-image-230\"\/><\/figure><\/div>\n\n\n\n<p><strong>Tahiti<\/strong> est l&rsquo;\u00eele principale o\u00f9 se situe l&rsquo;a\u00e9roport  International ainsi que la capitale, Papeete. M\u00eame si Tahiti ne semble pas aussi  paradisiaque que son \u00eele soeur, elle vaut assur\u00e9ment un s\u00e9jour, ou une journ\u00e9e  de visite. Tahiti et Moorea sont tr\u00e8s proches, et il est ais\u00e9 de visiter l&rsquo;une  ou l&rsquo;autre une journ\u00e9e, via les ferries qui les  relient.<br><strong>Moorea<\/strong>, l&rsquo;\u00eele soeur de Tahiti, est mondialement  r\u00e9put\u00e9e pour ses magnifiques lagons, ses sommets d\u00e9coup\u00e9s, et la beaut\u00e9 de ses  c\u00f4tes et de ses plages. C&rsquo;est l&rsquo;endroit parfait pour le style de vie tropical,  relax&#8230; <br><strong>Bora Bora<\/strong> n&rsquo;a pas besoin d&rsquo;une grande  pr\u00e9sentation, l&rsquo;\u00eele est connue pour avoir \u00ab\u00a0le plus beau lagon du monde\u00a0\u00bb. Bora  Bora est un peu plus loin, dans les \u00eeles sous le vent, et la seule mani\u00e8re d&rsquo;y  arriver est par avion, via Tahiti ou Moorea.\t <\/p>\n\n\n\n<h2 class=\"wp-block-heading\">Tahiti&#8230; la nouvelle Cythere\t\t <\/h2>\n\n\n\n<figure class=\"wp-block-image is-resized\"><img loading=\"lazy\" decoding=\"async\" src=\"https:\/\/www.mimosa.villas\/explore\/wp-content\/uploads\/2019\/06\/tahiti.jpg\" alt=\"\" class=\"wp-image-79\" width=\"900\" height=\"301\" srcset=\"https:\/\/www.mimosa.villas\/explore\/wp-content\/uploads\/2019\/06\/tahiti.jpg 900w, https:\/\/www.mimosa.villas\/explore\/wp-content\/uploads\/2019\/06\/tahiti-300x100.jpg 300w, https:\/\/www.mimosa.villas\/explore\/wp-content\/uploads\/2019\/06\/tahiti-768x257.jpg 768w\" sizes=\"auto, (max-width: 900px) 100vw, 900px\" \/><\/figure>\n\n\n\n<p><em><strong>Tahiti:  Magique, f\u00e9erique, culturelle<br>Ancien nom:  Otahiti<\/strong><\/em> <\/p>\n\n\n\n<p><strong>Rencontre:<\/strong> Tahiti est la plus grande des \u00eeles de Polyn\u00e9sie  fran\u00e7aise, elle pr\u00e9sente un tr\u00e8s bel \u00e9quilibre entre les plaisirs du lagon, les  paysages int\u00e9rieurs grandioses et l\u2019animation de sa capitale Papeete. <\/p>\n\n\n\n<p><strong>Coup d\u2019\u0153il:<\/strong> C\u2019est la plus vaste et la plus peupl\u00e9e des \u00eeles  de la Polyn\u00e9sie fran\u00e7aise. M\u00eame si Tahiti n&rsquo;est pas forc\u00e9ment l&rsquo;\u00eele pr\u00e9f\u00e9r\u00e9e des  touristes, elle est sans doute une des plus int\u00e9ressantes \u00e0 visiter. Ses  impressionnants massifs volcaniques sont propices aux randonn\u00e9es, aux excursions  en 4X4, \u00e0 la d\u00e9couverte des cascades enfouies dans les profondeurs de la  v\u00e9g\u00e9tation. Son lagon permet des activit\u00e9s de plong\u00e9e de tous niveaux, ses spots  de surf sont excellents. La profusion de march\u00e9s artisanaux et de boutiques  exotiques offre une richesse extraordinaire de souvenirs culturels  traditionnels. <\/p>\n\n\n\n<p><strong>Comment s\u2019y rendre :<\/strong> En avion : L\u2019a\u00e9roport international de  Faaa-Papeete (code PPT) est la plaque tournante des transports a\u00e9riens, aussi  bien pour arriver \u00e0 Tahiti depuis l&rsquo;\u00e9tranger que pour s&rsquo;envoler vers les \u00eeles  avoisinantes. En bateau : Le port de Papeete concentre toutes les communications  maritimes tant pour les liaisons internationales que pour les liaisons  inter-\u00eeles par ferries <\/p>\n\n\n\n<p><strong>Location de vacances \u00e0 Tahiti:<\/strong> Il y a beaucoup de locations de vacances  dans des propri\u00e9t\u00e9s priv\u00e9es \u00e0 Tahiti; des splendides villas \u00e0 flanc de montagne,  avec piscine et vue spectaculaire, aux appartements du centre ville de la  capitale. Quelques locations sont situ\u00e9es dans la p\u00e9ninsule sud (appel\u00e9e Tahiti  \u00ab\u00a0Iti\u00a0\u00bb), assez isol\u00e9e, mais plus authentique que le nord.<\/p>\n\n\n\n<hr class=\"wp-block-separator\"\/>\n\n\n\n<h2 class=\"wp-block-heading\">Moorea&#8230; l&rsquo;\u00eele soeur\t\t <\/h2>\n\n\n\n<figure class=\"wp-block-image is-resized\"><img loading=\"lazy\" decoding=\"async\" src=\"https:\/\/www.mimosa.villas\/explore\/wp-content\/uploads\/2019\/06\/moorea.jpg\" alt=\"\" class=\"wp-image-81\" width=\"900\" height=\"301\" srcset=\"https:\/\/www.mimosa.villas\/explore\/wp-content\/uploads\/2019\/06\/moorea.jpg 900w, https:\/\/www.mimosa.villas\/explore\/wp-content\/uploads\/2019\/06\/moorea-300x100.jpg 300w, https:\/\/www.mimosa.villas\/explore\/wp-content\/uploads\/2019\/06\/moorea-768x257.jpg 768w\" sizes=\"auto, (max-width: 900px) 100vw, 900px\" \/><\/figure>\n\n\n\n<p><em><strong>Moorea:  Magique, amicale, fascinante<br>Prononciation:  \u00ab\u00a0Mo-o-Re-A\u00a0\u00bb. Ancien nom: Eimeo<\/strong><\/em> <\/p>\n\n\n\n<p><strong>Rencontre :<\/strong> L&rsquo;\u00eele soeur est situ\u00e9e juste en face de Tahiti,  mais ne compte que 20.000 habitants, soit la taille d&rsquo;un petit village. Moorea  b\u00e9n\u00e9ficie d&rsquo;un splendide lagon de 50 km2 tout autour de l&rsquo;\u00eele, ainsi que de 2  grandes baies au Nord, la baie de Cook et la baie d&rsquo;Opunohu, d&rsquo;un charme  fascinant. Ses c\u00f4tes sont parmis les plus belles et les mieux entretenues de la  Polyn\u00e9sie Fran\u00e7aise. Avec son lagon turquoise et ses paysages somptueux, elle  vous propose un v\u00e9ritable hymne au farniente. <\/p>\n\n\n\n<p><strong>Coup d&rsquo;oeil :<\/strong> Moorea est une destination id\u00e9ale pour des  vacances inoubliables. Un large \u00e9ventail d&rsquo;activit\u00e9s est disponible, tant pour  les adultes que pour les enfants, comme la d\u00e9couverte des fabuleux coraux et  d&rsquo;une grande vari\u00e9t\u00e9 de poissons, ou des activit\u00e9s sur le lagon : bateau, voile,  surf, kitesurf, rencontre avec les dauphins et les baleines &#8230;. ou sentiers de  randonn\u00e9e, et quads dans les majestueuses montagnes de l&rsquo;\u00eele. <\/p>\n\n\n\n<p><strong>Comment s\u2019y rendree:<\/strong> Par bateau: de nombreux ferries rapides  r\u00e9lisent la navette entre Tahiti et le port de Vaiare \u00e0 Moorea, plusieurs fois  par jour (45min de trajet en moyenne). Par avion: sur certains avions d&rsquo;Air  Tahiti, qui font escale \u00e0 Moorea avant de se rendre aux Iles-sous-le-Vents  (Raiatea, Huahine, Bora Bora, etc). <\/p>\n\n\n\n<p><strong>Locations de vacances \u00e0 Moorea<\/strong>: De toute la Polyn\u00e9sie Fran\u00e7aise, c&rsquo;est \u00e0  Moorea que vous trouverez le plus grand nombre de locations saisonni\u00e8res dans  des propri\u00e9t\u00e9s priv\u00e9es. Il y a en effet beaucoup de villas et de maisons pour  tous type de budget, des \u00ab\u00a0Beach Villas\u00a0\u00bb dans un environnement idyllique, aux  maisons \u00e0 flanc de montagne avec vues somptueuses. C&rsquo;est l&rsquo;\u00eele id\u00e9ale pour vivre  comme les Polyn\u00e9siens, adopter une allure nonchalante, acheter dans les magasin  locaux et ouvrir les yeux et l&rsquo;esprit \u00e0 de nouvelles exp\u00e9riences.<\/p>\n\n\n\n<hr class=\"wp-block-separator\"\/>\n\n\n\n<h2 class=\"wp-block-heading\">Bora-Bora&#8230; la perle des mers du Sud\t\t  <\/h2>\n\n\n\n<figure class=\"wp-block-image is-resized\"><img loading=\"lazy\" decoding=\"async\" src=\"https:\/\/www.mimosa.villas\/explore\/wp-content\/uploads\/2019\/06\/borabora.jpg\" alt=\"\" class=\"wp-image-83\" width=\"900\" height=\"301\" srcset=\"https:\/\/www.mimosa.villas\/explore\/wp-content\/uploads\/2019\/06\/borabora.jpg 900w, https:\/\/www.mimosa.villas\/explore\/wp-content\/uploads\/2019\/06\/borabora-300x100.jpg 300w, https:\/\/www.mimosa.villas\/explore\/wp-content\/uploads\/2019\/06\/borabora-768x257.jpg 768w\" sizes=\"auto, (max-width: 900px) 100vw, 900px\" \/><\/figure>\n\n\n\n<p><em><strong>Bora  Bora: mythique, idyllique, immense lagon<br>Souvent  appel\u00e9e: \u00ab\u00a0Bora\u00a0\u00bb par les locaux. Ancien nom: Vavau<\/strong><\/em> <\/p>\n\n\n\n<p><strong>Rencontre :<\/strong> Bora Bora poss\u00e8de la r\u00e9pution d&rsquo;\u00eatre le joyau  des mers du sud. Il est vrai que son immense lagon coupe litt\u00e9ralement le  souffle de tous ses visiteurs. <\/p>\n\n\n\n<p><strong>Coup d&rsquo;oeil :<\/strong> On ne pr\u00e9sente plus \u00ab\u00a0Bora\u00a0\u00bb qui est r\u00e9put\u00e9 pour  poss\u00e9der \u00ab\u00a0le plus beau lagon du monde, et c&rsquo;est probablement vrai. A Bora Bora,  vous aurez vite les sentiment que tout est tourn\u00e9e vers le tourisme. Cette  destination mythique reste un passage oblig\u00e9, m\u00eame si son authenticit\u00e9 tend \u00e0  s&rsquo;effilocher avec le temps. Le lagon est roi, et permet tout types d&rsquo;activit\u00e9s  nautiques: plong\u00e9e, rencontre avec les raies manta, et bien s\u00fbr voile, plong\u00e9e,  bateau \u00e0 fond de verre, kitesurf, demandez, ils le font! <\/p>\n\n\n\n<p><strong>Comment s\u2019y rendre :<\/strong> Pas de bateaux pour s&rsquo;y rendre, mais  plusieurs vols quotidients relient l&rsquo;\u00eele \u00e0 Tahiti ou Moorea, souvent  directement, parfois avec une escale \u00e0 Raiatea ou Huahine. L\u2019a\u00e9roport de  Bora-Bora \u00e9tant situ\u00e9 sur un \u00eelot (le motu Mute), un service gratuit de navettes  catamarans vous conduit en 15 minutes jusqu\u2019au quai de Vaitape, le village  principal de l\u2019\u00eele. <\/p>\n\n\n\n<p><strong>Locations de vacances \u00e0 Bora Bora:<\/strong> Il y a beaucoup d&rsquo;h\u00f4tels \u00e0 Bora Bora (qui  a-dit trop!?) et l&rsquo;\u00eele a longtemps \u00e9t\u00e9 investie par de grandes cha\u00eenes  h\u00f4teli\u00e8res.  Les locations de vacances dans des propri\u00e9t\u00e9s priv\u00e9es sont rares,  mais il en existe quelques-unes (!) incluant celles propos\u00e9es par des h\u00f4tels ou  des pensions de famille.<\/p>\n","protected":false},"excerpt":{"rendered":"<p>Tahiti, Moorea, Bora Bora Les 3 joyaux de la Polyn\u00e9sie Fran\u00e7aise Tahiti est l&rsquo;\u00eele principale o\u00f9 se situe l&rsquo;a\u00e9roport International&#8230;<\/p>\n","protected":false},"author":2,"featured_media":0,"parent":0,"menu_order":0,"comment_status":"closed","ping_status":"closed","template":"","meta":{"footnotes":""},"class_list":["post-87","page","type-page","status-publish","hentry"],"yoast_head":"<!-- This site is optimized with the Yoast SEO plugin v27.4 - https:\/\/yoast.com\/product\/yoast-seo-wordpress\/ -->\n<title>Tahiti, Moorea, Bora Bora - Blog<\/title>\n<meta name=\"robots\" content=\"index, follow, max-snippet:-1, max-image-preview:large, max-video-preview:-1\" \/>\n<link rel=\"canonical\" href=\"https:\/\/www.mimosa.villas\/explore\/fr\/tahiti-moorea-bora-bora\/\" \/>\n<meta property=\"og:locale\" content=\"fr_FR\" \/>\n<meta property=\"og:type\" content=\"article\" \/>\n<meta property=\"og:title\" content=\"Tahiti, Moorea, Bora Bora - Blog\" \/>\n<meta property=\"og:description\" content=\"Tahiti, Moorea, Bora Bora Les 3 joyaux de la Polyn\u00e9sie Fran\u00e7aise Tahiti est l&rsquo;\u00eele principale o\u00f9 se situe l&rsquo;a\u00e9roport International...\" \/>\n<meta property=\"og:url\" content=\"https:\/\/www.mimosa.villas\/explore\/fr\/tahiti-moorea-bora-bora\/\" \/>\n<meta property=\"og:site_name\" content=\"Blog\" \/>\n<meta property=\"article:modified_time\" content=\"2020-03-10T23:58:37+00:00\" \/>\n<meta property=\"og:image\" content=\"https:\/\/www.mimosa.villas\/explore\/wp-content\/uploads\/2019\/07\/surf-rose.jpg\" \/>\n\t<meta property=\"og:image:width\" content=\"150\" \/>\n\t<meta property=\"og:image:height\" content=\"150\" \/>\n\t<meta property=\"og:image:type\" content=\"image\/jpeg\" \/>\n<meta name=\"twitter:card\" content=\"summary_large_image\" \/>\n<meta name=\"twitter:label1\" content=\"Dur\u00e9e de lecture estim\u00e9e\" \/>\n\t<meta name=\"twitter:data1\" content=\"5 minutes\" \/>\n<script type=\"application\/ld+json\" class=\"yoast-schema-graph\">{\"@context\":\"https:\\\/\\\/schema.org\",\"@graph\":[{\"@type\":\"WebPage\",\"@id\":\"https:\\\/\\\/www.mimosa.villas\\\/explore\\\/fr\\\/tahiti-moorea-bora-bora\\\/\",\"url\":\"https:\\\/\\\/www.mimosa.villas\\\/explore\\\/fr\\\/tahiti-moorea-bora-bora\\\/\",\"name\":\"Tahiti, Moorea, Bora Bora - Blog\",\"isPartOf\":{\"@id\":\"https:\\\/\\\/www.mimosa.villas\\\/explore\\\/fr\\\/#website\"},\"primaryImageOfPage\":{\"@id\":\"https:\\\/\\\/www.mimosa.villas\\\/explore\\\/fr\\\/tahiti-moorea-bora-bora\\\/#primaryimage\"},\"image\":{\"@id\":\"https:\\\/\\\/www.mimosa.villas\\\/explore\\\/fr\\\/tahiti-moorea-bora-bora\\\/#primaryimage\"},\"thumbnailUrl\":\"https:\\\/\\\/www.mimosa.villas\\\/explore\\\/wp-content\\\/uploads\\\/2019\\\/07\\\/surf-rose.jpg\",\"datePublished\":\"2019-06-20T01:45:14+00:00\",\"dateModified\":\"2020-03-10T23:58:37+00:00\",\"breadcrumb\":{\"@id\":\"https:\\\/\\\/www.mimosa.villas\\\/explore\\\/fr\\\/tahiti-moorea-bora-bora\\\/#breadcrumb\"},\"inLanguage\":\"fr-FR\",\"potentialAction\":[{\"@type\":\"ReadAction\",\"target\":[\"https:\\\/\\\/www.mimosa.villas\\\/explore\\\/fr\\\/tahiti-moorea-bora-bora\\\/\"]}]},{\"@type\":\"ImageObject\",\"inLanguage\":\"fr-FR\",\"@id\":\"https:\\\/\\\/www.mimosa.villas\\\/explore\\\/fr\\\/tahiti-moorea-bora-bora\\\/#primaryimage\",\"url\":\"https:\\\/\\\/www.mimosa.villas\\\/explore\\\/wp-content\\\/uploads\\\/2019\\\/07\\\/surf-rose.jpg\",\"contentUrl\":\"https:\\\/\\\/www.mimosa.villas\\\/explore\\\/wp-content\\\/uploads\\\/2019\\\/07\\\/surf-rose.jpg\"},{\"@type\":\"BreadcrumbList\",\"@id\":\"https:\\\/\\\/www.mimosa.villas\\\/explore\\\/fr\\\/tahiti-moorea-bora-bora\\\/#breadcrumb\",\"itemListElement\":[{\"@type\":\"ListItem\",\"position\":1,\"name\":\"Portada\",\"item\":\"https:\\\/\\\/www.mimosa.villas\\\/explore\\\/fr\\\/\"},{\"@type\":\"ListItem\",\"position\":2,\"name\":\"Tahiti, Moorea, Bora Bora\"}]},{\"@type\":\"WebSite\",\"@id\":\"https:\\\/\\\/www.mimosa.villas\\\/explore\\\/fr\\\/#website\",\"url\":\"https:\\\/\\\/www.mimosa.villas\\\/explore\\\/fr\\\/\",\"name\":\"Blog\",\"description\":\"Mimosa Villas\",\"potentialAction\":[{\"@type\":\"SearchAction\",\"target\":{\"@type\":\"EntryPoint\",\"urlTemplate\":\"https:\\\/\\\/www.mimosa.villas\\\/explore\\\/fr\\\/?s={search_term_string}\"},\"query-input\":{\"@type\":\"PropertyValueSpecification\",\"valueRequired\":true,\"valueName\":\"search_term_string\"}}],\"inLanguage\":\"fr-FR\"}]}<\/script>\n<!-- \/ Yoast SEO plugin. -->","yoast_head_json":{"title":"Tahiti, Moorea, Bora Bora - Blog","robots":{"index":"index","follow":"follow","max-snippet":"max-snippet:-1","max-image-preview":"max-image-preview:large","max-video-preview":"max-video-preview:-1"},"canonical":"https:\/\/www.mimosa.villas\/explore\/fr\/tahiti-moorea-bora-bora\/","og_locale":"fr_FR","og_type":"article","og_title":"Tahiti, Moorea, Bora Bora - Blog","og_description":"Tahiti, Moorea, Bora Bora Les 3 joyaux de la Polyn\u00e9sie Fran\u00e7aise Tahiti est l&rsquo;\u00eele principale o\u00f9 se situe l&rsquo;a\u00e9roport International...","og_url":"https:\/\/www.mimosa.villas\/explore\/fr\/tahiti-moorea-bora-bora\/","og_site_name":"Blog","article_modified_time":"2020-03-10T23:58:37+00:00","og_image":[{"width":150,"height":150,"url":"https:\/\/www.mimosa.villas\/explore\/wp-content\/uploads\/2019\/07\/surf-rose.jpg","type":"image\/jpeg"}],"twitter_card":"summary_large_image","twitter_misc":{"Dur\u00e9e de lecture estim\u00e9e":"5 minutes"},"schema":{"@context":"https:\/\/schema.org","@graph":[{"@type":"WebPage","@id":"https:\/\/www.mimosa.villas\/explore\/fr\/tahiti-moorea-bora-bora\/","url":"https:\/\/www.mimosa.villas\/explore\/fr\/tahiti-moorea-bora-bora\/","name":"Tahiti, Moorea, Bora Bora - Blog","isPartOf":{"@id":"https:\/\/www.mimosa.villas\/explore\/fr\/#website"},"primaryImageOfPage":{"@id":"https:\/\/www.mimosa.villas\/explore\/fr\/tahiti-moorea-bora-bora\/#primaryimage"},"image":{"@id":"https:\/\/www.mimosa.villas\/explore\/fr\/tahiti-moorea-bora-bora\/#primaryimage"},"thumbnailUrl":"https:\/\/www.mimosa.villas\/explore\/wp-content\/uploads\/2019\/07\/surf-rose.jpg","datePublished":"2019-06-20T01:45:14+00:00","dateModified":"2020-03-10T23:58:37+00:00","breadcrumb":{"@id":"https:\/\/www.mimosa.villas\/explore\/fr\/tahiti-moorea-bora-bora\/#breadcrumb"},"inLanguage":"fr-FR","potentialAction":[{"@type":"ReadAction","target":["https:\/\/www.mimosa.villas\/explore\/fr\/tahiti-moorea-bora-bora\/"]}]},{"@type":"ImageObject","inLanguage":"fr-FR","@id":"https:\/\/www.mimosa.villas\/explore\/fr\/tahiti-moorea-bora-bora\/#primaryimage","url":"https:\/\/www.mimosa.villas\/explore\/wp-content\/uploads\/2019\/07\/surf-rose.jpg","contentUrl":"https:\/\/www.mimosa.villas\/explore\/wp-content\/uploads\/2019\/07\/surf-rose.jpg"},{"@type":"BreadcrumbList","@id":"https:\/\/www.mimosa.villas\/explore\/fr\/tahiti-moorea-bora-bora\/#breadcrumb","itemListElement":[{"@type":"ListItem","position":1,"name":"Portada","item":"https:\/\/www.mimosa.villas\/explore\/fr\/"},{"@type":"ListItem","position":2,"name":"Tahiti, Moorea, Bora Bora"}]},{"@type":"WebSite","@id":"https:\/\/www.mimosa.villas\/explore\/fr\/#website","url":"https:\/\/www.mimosa.villas\/explore\/fr\/","name":"Blog","description":"Mimosa Villas","potentialAction":[{"@type":"SearchAction","target":{"@type":"EntryPoint","urlTemplate":"https:\/\/www.mimosa.villas\/explore\/fr\/?s={search_term_string}"},"query-input":{"@type":"PropertyValueSpecification","valueRequired":true,"valueName":"search_term_string"}}],"inLanguage":"fr-FR"}]}},"_links":{"self":[{"href":"https:\/\/www.mimosa.villas\/explore\/fr\/wp-json\/wp\/v2\/pages\/87","targetHints":{"allow":["GET"]}}],"collection":[{"href":"https:\/\/www.mimosa.villas\/explore\/fr\/wp-json\/wp\/v2\/pages"}],"about":[{"href":"https:\/\/www.mimosa.villas\/explore\/fr\/wp-json\/wp\/v2\/types\/page"}],"author":[{"embeddable":true,"href":"https:\/\/www.mimosa.villas\/explore\/fr\/wp-json\/wp\/v2\/users\/2"}],"replies":[{"embeddable":true,"href":"https:\/\/www.mimosa.villas\/explore\/fr\/wp-json\/wp\/v2\/comments?post=87"}],"version-history":[{"count":4,"href":"https:\/\/www.mimosa.villas\/explore\/fr\/wp-json\/wp\/v2\/pages\/87\/revisions"}],"predecessor-version":[{"id":358,"href":"https:\/\/www.mimosa.villas\/explore\/fr\/wp-json\/wp\/v2\/pages\/87\/revisions\/358"}],"wp:attachment":[{"href":"https:\/\/www.mimosa.villas\/explore\/fr\/wp-json\/wp\/v2\/media?parent=87"}],"curies":[{"name":"wp","href":"https:\/\/api.w.org\/{rel}","templated":true}]}}