{"id":76,"date":"2019-06-20T03:29:48","date_gmt":"2019-06-20T01:29:48","guid":{"rendered":"http:\/\/www.mimosa.villas\/explore\/?page_id=76"},"modified":"2020-03-11T00:49:09","modified_gmt":"2020-03-10T23:49:09","slug":"avions-et-ferries","status":"publish","type":"page","link":"https:\/\/www.mimosa.villas\/explore\/fr\/avions-et-ferries\/","title":{"rendered":"Avions et Ferries"},"content":{"rendered":"\n<h2 class=\"wp-block-heading\">Avions et Ferries<\/h2>\n\n\n\n<figure class=\"wp-block-image is-resized\"><img loading=\"lazy\" decoding=\"async\" src=\"https:\/\/www.mimosa.villas\/explore\/wp-content\/uploads\/2019\/06\/avion.jpg\" alt=\"\" class=\"wp-image-73\" width=\"900\" height=\"301\" srcset=\"https:\/\/www.mimosa.villas\/explore\/wp-content\/uploads\/2019\/06\/avion.jpg 900w, https:\/\/www.mimosa.villas\/explore\/wp-content\/uploads\/2019\/06\/avion-300x100.jpg 300w, https:\/\/www.mimosa.villas\/explore\/wp-content\/uploads\/2019\/06\/avion-768x257.jpg 768w\" sizes=\"auto, (max-width: 900px) 100vw, 900px\" \/><\/figure>\n\n\n\n<div class=\"wp-block-image\"><figure class=\"alignleft\"><img loading=\"lazy\" decoding=\"async\" width=\"150\" height=\"150\" src=\"https:\/\/www.mimosa.villas\/explore\/wp-content\/uploads\/2019\/07\/avion-turquoise.jpg\" alt=\"\" class=\"wp-image-212\"\/><\/figure><\/div>\n\n\n\n<p><strong>Compagnies a\u00e9riennes  internationales reliant Tahiti, l&rsquo;\u00eele principale<\/strong><br>L&rsquo;a\u00e9roport de  Tahiti est situ\u00e9 \u00e0 Papeete, la petite capitale (Code de l&rsquo;a\u00e9roport  PPT)<br><strong>&nbsp;<a rel=\"noreferrer noopener\" href=\"http:\/\/www.airtahitinui.com\/\" target=\"_blank\">Air  Tahiti Nui<\/a><\/strong> La compagnie internationale Tahitienne, depuis Paris  (CDG), Los Angeles (LAX), Tokyo (NRT), Auckland (AKL) <br><strong>&nbsp;<a rel=\"noreferrer noopener\" href=\"http:\/\/www.airfrance.com\/\" target=\"_blank\">Air France<\/a><\/strong> depuis Paris (CDG) et Los Angeles (LAX)  en partenariat avec <a rel=\"noreferrer noopener\" href=\"http:\/\/www.delta.com\/\" target=\"_blank\"><strong>Delta Airlines<\/strong><\/a><br><strong>&nbsp;<a rel=\"noreferrer noopener\" href=\"http:\/\/www.united.com\/\" target=\"_blank\">United<\/a><\/strong> depuis San Francisco (SFO) et  Paris<br><strong>&nbsp;<a rel=\"noreferrer noopener\" href=\"http:\/\/www.frenchbee.com\/\" target=\"_blank\">French Bee<\/a><\/strong> depuis San Francisco (SFO) et Paris Orly  (ORY)<br><strong>&nbsp;<a rel=\"noreferrer noopener\" href=\"http:\/\/www.airnewzealand.com\/\" target=\"_blank\">Air New Zealand<\/a><\/strong> depuis Auckland (AKL), Los Angeles  (LAX), Sydney (SYD) et aussi depuis Londres (LHR) &gt;&nbsp;Los Angeles &gt;  Tahiti &gt; Auckland.<br><strong>&nbsp;<a rel=\"noreferrer noopener\" href=\"http:\/\/www.britishairways.com\/\" target=\"_blank\">British Airways<\/a><\/strong> depuis Londres (LHR) avec ses vols  Londres &gt; Los Angeles puis une connexion sur Air Tahiti Nui pour le vol Los  Angeles &gt; Tahiti.<br><strong>&nbsp;<a href=\"https:\/\/www.latam.com\/\" target=\"_blank\" rel=\"noreferrer noopener\" aria-label=\"Latam (s\u2019ouvre dans un nouvel onglet)\">Latam<\/a><\/strong> depuis Madrid (MAD) &gt; Santiago de Chile (SCL) &gt; &nbsp;Ile de P\u00e2ques &gt; Tahiti (PPT).<br><strong>&nbsp;<a rel=\"noreferrer noopener\" href=\"http:\/\/www.hawaiianair.com\/\" target=\"_blank\">Hawa\u00efan Airlines<\/a><\/strong> depuis Honolulu (HNL) \u00e0  Hawa\u00ef<br><strong>&nbsp;<a rel=\"noreferrer noopener\" href=\"http:\/\/www.aircalin.nc\/\" target=\"_blank\">Aircalin<\/a><\/strong> depuis Noumea (NOU) en Nouvelle Cal\u00e9donie.  Cette compagnie relie \u00e9galement Sydney (SYD) &gt; Noumea (NOU) &gt; Tahiti  (PPT)<\/p>\n\n\n\n<p><strong>Ferries entre Tahiti et l&rsquo;\u00eele de  Moorea<br><\/strong>Pour aller \u00e0 Moorea, le ferry est le moyen le plus simple,  partant du quai de Tahiti, situ\u00e9 \u00e0 12 min par taxi de l&rsquo;a\u00e9roport.<br>Pas de  pr\u00e9-r\u00e9servations n\u00e9cessaires, il suffit d&rsquo;acheter les billets \u00e0 leur comptoir.  La travers\u00e9e dure environ 40 minutes.<br><strong>&nbsp;<a href=\"http:\/\/www.aremiti.net\/\" target=\"_blank\" rel=\"noreferrer noopener\">Ferries rapides Aremiti pour Moorea<\/a><\/strong>. Leurs horaires  sont les m\u00eames chaque semaine, sauf en p\u00e9riode de vacances.<\/p>\n\n\n\n<p><strong>Vols domestiques entre l&rsquo;a\u00e9roport de Tahiti (ou  l&rsquo;a\u00e9roport de Moorea) et les autres \u00eeles <br><\/strong>Pour toutes les autres  \u00eeles, il est n\u00e9cessaire de prendre un vol car il n&rsquo;y a pas de ferry r\u00e9gulier  <br><strong>&nbsp;<a href=\"http:\/\/www.airtahiti.com\/\" target=\"_blank\" rel=\"noreferrer noopener\">Vol  inter-\u00eeles avec Air Tahiti<\/a><\/strong><\/p>\n","protected":false},"excerpt":{"rendered":"<p>Avions et Ferries Compagnies a\u00e9riennes internationales reliant Tahiti, l&rsquo;\u00eele principaleL&rsquo;a\u00e9roport de Tahiti est situ\u00e9 \u00e0 Papeete, la petite capitale (Code&#8230;<\/p>\n","protected":false},"author":2,"featured_media":0,"parent":0,"menu_order":0,"comment_status":"closed","ping_status":"closed","template":"","meta":{"footnotes":""},"class_list":["post-76","page","type-page","status-publish","hentry"],"yoast_head":"<!-- This site is optimized with the Yoast SEO plugin v27.4 - https:\/\/yoast.com\/product\/yoast-seo-wordpress\/ -->\n<title>Avions et Ferries - Blog<\/title>\n<meta name=\"robots\" content=\"index, follow, max-snippet:-1, max-image-preview:large, max-video-preview:-1\" \/>\n<link rel=\"canonical\" href=\"https:\/\/www.mimosa.villas\/explore\/fr\/avions-et-ferries\/\" \/>\n<meta property=\"og:locale\" content=\"fr_FR\" \/>\n<meta property=\"og:type\" content=\"article\" \/>\n<meta property=\"og:title\" content=\"Avions et Ferries - Blog\" \/>\n<meta property=\"og:description\" content=\"Avions et Ferries Compagnies a\u00e9riennes internationales reliant Tahiti, l&rsquo;\u00eele principaleL&rsquo;a\u00e9roport de Tahiti est situ\u00e9 \u00e0 Papeete, la petite capitale (Code...\" \/>\n<meta property=\"og:url\" content=\"https:\/\/www.mimosa.villas\/explore\/fr\/avions-et-ferries\/\" \/>\n<meta property=\"og:site_name\" content=\"Blog\" \/>\n<meta property=\"article:modified_time\" content=\"2020-03-10T23:49:09+00:00\" \/>\n<meta property=\"og:image\" content=\"https:\/\/www.mimosa.villas\/explore\/wp-content\/uploads\/2019\/06\/avion.jpg\" \/>\n\t<meta property=\"og:image:width\" content=\"900\" \/>\n\t<meta property=\"og:image:height\" content=\"301\" \/>\n\t<meta property=\"og:image:type\" content=\"image\/jpeg\" \/>\n<meta name=\"twitter:card\" content=\"summary_large_image\" \/>\n<meta name=\"twitter:label1\" content=\"Dur\u00e9e de lecture estim\u00e9e\" \/>\n\t<meta name=\"twitter:data1\" content=\"1 minute\" \/>\n<script type=\"application\/ld+json\" class=\"yoast-schema-graph\">{\"@context\":\"https:\\\/\\\/schema.org\",\"@graph\":[{\"@type\":\"WebPage\",\"@id\":\"https:\\\/\\\/www.mimosa.villas\\\/explore\\\/fr\\\/avions-et-ferries\\\/\",\"url\":\"https:\\\/\\\/www.mimosa.villas\\\/explore\\\/fr\\\/avions-et-ferries\\\/\",\"name\":\"Avions et Ferries - Blog\",\"isPartOf\":{\"@id\":\"https:\\\/\\\/www.mimosa.villas\\\/explore\\\/fr\\\/#website\"},\"primaryImageOfPage\":{\"@id\":\"https:\\\/\\\/www.mimosa.villas\\\/explore\\\/fr\\\/avions-et-ferries\\\/#primaryimage\"},\"image\":{\"@id\":\"https:\\\/\\\/www.mimosa.villas\\\/explore\\\/fr\\\/avions-et-ferries\\\/#primaryimage\"},\"thumbnailUrl\":\"https:\\\/\\\/www.mimosa.villas\\\/explore\\\/wp-content\\\/uploads\\\/2019\\\/06\\\/avion.jpg\",\"datePublished\":\"2019-06-20T01:29:48+00:00\",\"dateModified\":\"2020-03-10T23:49:09+00:00\",\"breadcrumb\":{\"@id\":\"https:\\\/\\\/www.mimosa.villas\\\/explore\\\/fr\\\/avions-et-ferries\\\/#breadcrumb\"},\"inLanguage\":\"fr-FR\",\"potentialAction\":[{\"@type\":\"ReadAction\",\"target\":[\"https:\\\/\\\/www.mimosa.villas\\\/explore\\\/fr\\\/avions-et-ferries\\\/\"]}]},{\"@type\":\"ImageObject\",\"inLanguage\":\"fr-FR\",\"@id\":\"https:\\\/\\\/www.mimosa.villas\\\/explore\\\/fr\\\/avions-et-ferries\\\/#primaryimage\",\"url\":\"https:\\\/\\\/www.mimosa.villas\\\/explore\\\/wp-content\\\/uploads\\\/2019\\\/06\\\/avion.jpg\",\"contentUrl\":\"https:\\\/\\\/www.mimosa.villas\\\/explore\\\/wp-content\\\/uploads\\\/2019\\\/06\\\/avion.jpg\"},{\"@type\":\"BreadcrumbList\",\"@id\":\"https:\\\/\\\/www.mimosa.villas\\\/explore\\\/fr\\\/avions-et-ferries\\\/#breadcrumb\",\"itemListElement\":[{\"@type\":\"ListItem\",\"position\":1,\"name\":\"Portada\",\"item\":\"https:\\\/\\\/www.mimosa.villas\\\/explore\\\/fr\\\/\"},{\"@type\":\"ListItem\",\"position\":2,\"name\":\"Avions et Ferries\"}]},{\"@type\":\"WebSite\",\"@id\":\"https:\\\/\\\/www.mimosa.villas\\\/explore\\\/fr\\\/#website\",\"url\":\"https:\\\/\\\/www.mimosa.villas\\\/explore\\\/fr\\\/\",\"name\":\"Blog\",\"description\":\"Mimosa Villas\",\"potentialAction\":[{\"@type\":\"SearchAction\",\"target\":{\"@type\":\"EntryPoint\",\"urlTemplate\":\"https:\\\/\\\/www.mimosa.villas\\\/explore\\\/fr\\\/?s={search_term_string}\"},\"query-input\":{\"@type\":\"PropertyValueSpecification\",\"valueRequired\":true,\"valueName\":\"search_term_string\"}}],\"inLanguage\":\"fr-FR\"}]}<\/script>\n<!-- \/ Yoast SEO plugin. -->","yoast_head_json":{"title":"Avions et Ferries - Blog","robots":{"index":"index","follow":"follow","max-snippet":"max-snippet:-1","max-image-preview":"max-image-preview:large","max-video-preview":"max-video-preview:-1"},"canonical":"https:\/\/www.mimosa.villas\/explore\/fr\/avions-et-ferries\/","og_locale":"fr_FR","og_type":"article","og_title":"Avions et Ferries - Blog","og_description":"Avions et Ferries Compagnies a\u00e9riennes internationales reliant Tahiti, l&rsquo;\u00eele principaleL&rsquo;a\u00e9roport de Tahiti est situ\u00e9 \u00e0 Papeete, la petite capitale (Code...","og_url":"https:\/\/www.mimosa.villas\/explore\/fr\/avions-et-ferries\/","og_site_name":"Blog","article_modified_time":"2020-03-10T23:49:09+00:00","og_image":[{"width":900,"height":301,"url":"https:\/\/www.mimosa.villas\/explore\/wp-content\/uploads\/2019\/06\/avion.jpg","type":"image\/jpeg"}],"twitter_card":"summary_large_image","twitter_misc":{"Dur\u00e9e de lecture estim\u00e9e":"1 minute"},"schema":{"@context":"https:\/\/schema.org","@graph":[{"@type":"WebPage","@id":"https:\/\/www.mimosa.villas\/explore\/fr\/avions-et-ferries\/","url":"https:\/\/www.mimosa.villas\/explore\/fr\/avions-et-ferries\/","name":"Avions et Ferries - Blog","isPartOf":{"@id":"https:\/\/www.mimosa.villas\/explore\/fr\/#website"},"primaryImageOfPage":{"@id":"https:\/\/www.mimosa.villas\/explore\/fr\/avions-et-ferries\/#primaryimage"},"image":{"@id":"https:\/\/www.mimosa.villas\/explore\/fr\/avions-et-ferries\/#primaryimage"},"thumbnailUrl":"https:\/\/www.mimosa.villas\/explore\/wp-content\/uploads\/2019\/06\/avion.jpg","datePublished":"2019-06-20T01:29:48+00:00","dateModified":"2020-03-10T23:49:09+00:00","breadcrumb":{"@id":"https:\/\/www.mimosa.villas\/explore\/fr\/avions-et-ferries\/#breadcrumb"},"inLanguage":"fr-FR","potentialAction":[{"@type":"ReadAction","target":["https:\/\/www.mimosa.villas\/explore\/fr\/avions-et-ferries\/"]}]},{"@type":"ImageObject","inLanguage":"fr-FR","@id":"https:\/\/www.mimosa.villas\/explore\/fr\/avions-et-ferries\/#primaryimage","url":"https:\/\/www.mimosa.villas\/explore\/wp-content\/uploads\/2019\/06\/avion.jpg","contentUrl":"https:\/\/www.mimosa.villas\/explore\/wp-content\/uploads\/2019\/06\/avion.jpg"},{"@type":"BreadcrumbList","@id":"https:\/\/www.mimosa.villas\/explore\/fr\/avions-et-ferries\/#breadcrumb","itemListElement":[{"@type":"ListItem","position":1,"name":"Portada","item":"https:\/\/www.mimosa.villas\/explore\/fr\/"},{"@type":"ListItem","position":2,"name":"Avions et Ferries"}]},{"@type":"WebSite","@id":"https:\/\/www.mimosa.villas\/explore\/fr\/#website","url":"https:\/\/www.mimosa.villas\/explore\/fr\/","name":"Blog","description":"Mimosa Villas","potentialAction":[{"@type":"SearchAction","target":{"@type":"EntryPoint","urlTemplate":"https:\/\/www.mimosa.villas\/explore\/fr\/?s={search_term_string}"},"query-input":{"@type":"PropertyValueSpecification","valueRequired":true,"valueName":"search_term_string"}}],"inLanguage":"fr-FR"}]}},"_links":{"self":[{"href":"https:\/\/www.mimosa.villas\/explore\/fr\/wp-json\/wp\/v2\/pages\/76","targetHints":{"allow":["GET"]}}],"collection":[{"href":"https:\/\/www.mimosa.villas\/explore\/fr\/wp-json\/wp\/v2\/pages"}],"about":[{"href":"https:\/\/www.mimosa.villas\/explore\/fr\/wp-json\/wp\/v2\/types\/page"}],"author":[{"embeddable":true,"href":"https:\/\/www.mimosa.villas\/explore\/fr\/wp-json\/wp\/v2\/users\/2"}],"replies":[{"embeddable":true,"href":"https:\/\/www.mimosa.villas\/explore\/fr\/wp-json\/wp\/v2\/comments?post=76"}],"version-history":[{"count":5,"href":"https:\/\/www.mimosa.villas\/explore\/fr\/wp-json\/wp\/v2\/pages\/76\/revisions"}],"predecessor-version":[{"id":350,"href":"https:\/\/www.mimosa.villas\/explore\/fr\/wp-json\/wp\/v2\/pages\/76\/revisions\/350"}],"wp:attachment":[{"href":"https:\/\/www.mimosa.villas\/explore\/fr\/wp-json\/wp\/v2\/media?parent=76"}],"curies":[{"name":"wp","href":"https:\/\/api.w.org\/{rel}","templated":true}]}}