{"id":57,"date":"2019-06-19T22:28:44","date_gmt":"2019-06-19T20:28:44","guid":{"rendered":"http:\/\/www.mimosa.villas\/explore\/why-french-polynesia\/"},"modified":"2020-03-11T22:57:32","modified_gmt":"2020-03-11T21:57:32","slug":"why-french-polynesia","status":"publish","type":"page","link":"https:\/\/www.mimosa.villas\/explore\/fr\/why-french-polynesia\/","title":{"rendered":"Pourquoi la Polyn\u00e9sie"},"content":{"rendered":"\n<h2 class=\"wp-block-heading\">Pourquoi la Polyn\u00e9sie<\/h2>\n\n\n\n<figure class=\"wp-block-image\"><img loading=\"lazy\" decoding=\"async\" width=\"930\" height=\"330\" src=\"http:\/\/www.mimosa.villas\/explore\/wp-content\/uploads\/2019\/07\/pacifique-sud4.jpg\" alt=\"\" class=\"wp-image-260\" srcset=\"https:\/\/www.mimosa.villas\/explore\/wp-content\/uploads\/2019\/07\/pacifique-sud4.jpg 930w, https:\/\/www.mimosa.villas\/explore\/wp-content\/uploads\/2019\/07\/pacifique-sud4-300x106.jpg 300w, https:\/\/www.mimosa.villas\/explore\/wp-content\/uploads\/2019\/07\/pacifique-sud4-768x273.jpg 768w\" sizes=\"auto, (max-width: 930px) 100vw, 930px\" \/><\/figure>\n\n\n\n<p><strong>Tahiti et ses \u00eeles est v\u00e9ritablement  un pays de  mythes et de r\u00eaves. Derri\u00e8re chaque nom, chaque lieu, se cachent une l\u00e9gende, un  dieu, une croyance que les polyn\u00e9siens tiennent \u00e0  perp\u00e9tuer<\/strong><\/p>\n\n\n\n<h3 class=\"wp-block-heading\"><em>Partager la  Passion pour les \u00eeles de Tahiti<\/em><\/h3>\n\n\n\n<p style=\"color:#0099ff\" class=\"has-text-color has-medium-font-size\"><strong>L&rsquo;arc-en-ciel f\u00e9erique de Gauguin<\/strong><\/p>\n\n\n\n<figure class=\"wp-block-image\"><img loading=\"lazy\" decoding=\"async\" width=\"430\" height=\"288\" src=\"http:\/\/www.mimosa.villas\/explore\/wp-content\/uploads\/2019\/07\/gauguin.jpg\" alt=\"\" class=\"wp-image-204\" srcset=\"https:\/\/www.mimosa.villas\/explore\/wp-content\/uploads\/2019\/07\/gauguin.jpg 430w, https:\/\/www.mimosa.villas\/explore\/wp-content\/uploads\/2019\/07\/gauguin-300x201.jpg 300w\" sizes=\"auto, (max-width: 430px) 100vw, 430px\" \/><\/figure>\n\n\n\n<p>La force et la beaut\u00e9 de ces \u00eeles lointaines reposent  dans la diversit\u00e9 de leurs couleurs et de leurs paysages, bien entendu la  palette des bleus omnipr\u00e9sents de la mer et des lagons qui rivalisent avec le  vert tendre des for\u00eats tropicales, mais aussi la multitude des senteurs et des  couleurs florales des hibiscus, tiare et autres frangipaniers qui ornent les  par\u00e9os, les oranges flamboyants des couchers de soleil mordor\u00e9s, et enfin les  violac\u00e9s des cr\u00e9puscules fugaces si chers \u00e0 Gauguin. <br><br>Il r\u00e9sumait lui  m\u00eame cet arc-en-ciel f\u00e9erique ainsi : \u00ab ici pr\u00e8s de chez moi, je r\u00eave \u00e0 des  harmonies violentes dont les parfums naturels me grisent  \u00bb.<br><br><strong>Finalement Gauguin n\u2019a rien invent\u00e9 : il a juste un peu  accentu\u00e9 la r\u00e9alit\u00e9 !<\/strong>\t<\/p>\n\n\n\n<p style=\"color:#0099ff\" class=\"has-text-color has-medium-font-size\"><strong>Une profusion de loisirs nautiques et terrestres<\/strong><\/p>\n\n\n\n<figure class=\"wp-block-image\"><img loading=\"lazy\" decoding=\"async\" width=\"430\" height=\"288\" src=\"https:\/\/www.mimosa.villas\/explore\/wp-content\/uploads\/2019\/06\/lagon.jpg\" alt=\"\" class=\"wp-image-42\" srcset=\"https:\/\/www.mimosa.villas\/explore\/wp-content\/uploads\/2019\/06\/lagon.jpg 430w, https:\/\/www.mimosa.villas\/explore\/wp-content\/uploads\/2019\/06\/lagon-300x201.jpg 300w\" sizes=\"auto, (max-width: 430px) 100vw, 430px\" \/><\/figure>\n\n\n\n<p>Les paysages sont \u00e0 couper le souffle et toute  activit\u00e9 de plein air est un v\u00e9ritable enchantement avec de nombreux  prestataires qui proposent dans chaque \u00eele une palette d&rsquo;activit\u00e9s de  loisirs.<br><br>Les activit\u00e9s nautiques sont bien \u00e9videmment reines : Snorkeling  \/ Plong\u00e9e \/ Excursions sur le lagon et en mer \/ Rencontre avec dauphins et  baleines \/ Jetski \/ Voile \/ Kitesurfing \/ Surf \/ Ski nautique \/ Location de  bateaux motoris\u00e9s \/ Tout au coucher de soleil \/ Pique-nique sur Motu (ilot) \/  etc.<br><br>Les activit\u00e9s terrestres sont \u00e9galement spectaculaires : Equitation  \/ Tour en 4&#215;4 \/ Moto Quad \/ Randonn\u00e9e \/ Golf \/ Spas \/ etc. <\/p>\n\n\n\n<p style=\"color:#0099ff\" class=\"has-text-color has-medium-font-size\"><strong>La culture Polyn\u00e9sienne <\/strong><\/p>\n\n\n\n<figure class=\"wp-block-image\"><img loading=\"lazy\" decoding=\"async\" width=\"430\" height=\"288\" src=\"https:\/\/www.mimosa.villas\/explore\/wp-content\/uploads\/2019\/06\/danse.jpg\" alt=\"\" class=\"wp-image-44\" srcset=\"https:\/\/www.mimosa.villas\/explore\/wp-content\/uploads\/2019\/06\/danse.jpg 430w, https:\/\/www.mimosa.villas\/explore\/wp-content\/uploads\/2019\/06\/danse-300x201.jpg 300w\" sizes=\"auto, (max-width: 430px) 100vw, 430px\" \/><\/figure>\n\n\n\n<p>N\u2019oublions pas \u00e9galement un peuple authentique qui  vous accueille avec sa gentillesse naturelle, et qui adore partager les rires et  sa joie de vivre. En Polyn\u00e9sie, tout est pr\u00e9texte \u00e0 la f\u00eate&#8230; il faut dire que  tous les polyn\u00e9siens adorent s&rsquo;amuser, chanter et danser. <strong><br><br>Surf,  pirogues doubles, par\u00e9os, monoi, perles noires et tatouage sont les principales  inventions Polyn\u00e9siennes qui se sont r\u00e9pandues \u00e0 travers le monde.<\/strong> Mais  il ne s&rsquo;agit pas juste de folklore, partout les traditions ancestrales se  perp\u00e9tuent soutenues par de nombreuses petites boutiques qui proposent de  l&rsquo;artisanat local et des oeuvres d&rsquo;arts remarquables, tandis que les soir\u00e9es  sous les constellations et la Croix du Sud sont rythm\u00e9es par les musiques  endiabl\u00e9es et les danses sensuelles.\t<\/p>\n\n\n\n<p style=\"color:#0099ff\" class=\"has-text-color has-medium-font-size\"><strong>Dans le sillage des mutin\u00e9s du Bounty<\/strong><\/p>\n\n\n\n<figure class=\"wp-block-image\"><img loading=\"lazy\" decoding=\"async\" width=\"430\" height=\"288\" src=\"https:\/\/www.mimosa.villas\/explore\/wp-content\/uploads\/2019\/06\/bounty.jpg\" alt=\"\" class=\"wp-image-46\" srcset=\"https:\/\/www.mimosa.villas\/explore\/wp-content\/uploads\/2019\/06\/bounty.jpg 430w, https:\/\/www.mimosa.villas\/explore\/wp-content\/uploads\/2019\/06\/bounty-300x201.jpg 300w\" sizes=\"auto, (max-width: 430px) 100vw, 430px\" \/><\/figure>\n\n\n\n<p>Soudain on comprend les mutin\u00e9s du vaisseau Bounty  qui n\u2019ont pas voulu quitter cet Eden merveilleux dans lequel on voudrait sombrer  pour toujours pour \u00e9chapper aux tumultes du monde. D\u2019ailleurs en suivant leur  sillage, connaissez vous quelqu\u2019un qui, ayant visit\u00e9 Tahiti, ne souhaite pas y  retourner un jour ? Et bien non ! et pour cause\u2026 Mais pourquoi, pourquoi faut il  donc que je rentre chez moi\u2026 et d\u2019ailleurs, le faut il vraiment ? <\/p>\n\n\n\n<p style=\"color:#0099ff\" class=\"has-text-color has-medium-font-size\"><strong>Vivez \u00e0 votre rythme dans votre location de vacances<\/strong><\/p>\n\n\n\n<figure class=\"wp-block-image\"><img loading=\"lazy\" decoding=\"async\" width=\"430\" height=\"288\" src=\"https:\/\/www.mimosa.villas\/explore\/wp-content\/uploads\/2019\/06\/fletcher.jpg\" alt=\"\" class=\"wp-image-48\" srcset=\"https:\/\/www.mimosa.villas\/explore\/wp-content\/uploads\/2019\/06\/fletcher.jpg 430w, https:\/\/www.mimosa.villas\/explore\/wp-content\/uploads\/2019\/06\/fletcher-300x201.jpg 300w\" sizes=\"auto, (max-width: 430px) 100vw, 430px\" \/><\/figure>\n\n\n\n<p>Il y a des petits supermarch\u00e9s dans chaque \u00eele ainsi  que de petites \u00e9piceries. Les snacks et restaurants sont \u00e9galement nombreux et  mixent le savoir-faire de la cuisine Fran\u00e7aise avec les produits frais  Polyn\u00e9siens pour cr\u00e9er une cuisine exotique, succulente et  color\u00e9e.<br><br><strong>Tahiti et ses \u00eeles est un pays unique qui rime avec  s\u00e9r\u00e9nit\u00e9 et favorise l&rsquo;exaltation de tous les sens. C&rsquo;est pourquoi s\u00e9journer  dans une location de vacances prend tout son sens pour pouvoir ralentir et avoir  le plaisir de vivre \u00e0 votre rythme.<\/strong>\t<\/p>\n\n\n\n<p style=\"color:#0099ff\" class=\"has-text-color has-medium-font-size\"><strong>O\u00f9 est situ\u00e9e la Polyn\u00e9sie ?<\/strong><\/p>\n\n\n\n<figure class=\"wp-block-image\"><img loading=\"lazy\" decoding=\"async\" width=\"430\" height=\"288\" src=\"https:\/\/www.mimosa.villas\/explore\/wp-content\/uploads\/2019\/06\/vue-aerienne.jpg\" alt=\"\" class=\"wp-image-50\" srcset=\"https:\/\/www.mimosa.villas\/explore\/wp-content\/uploads\/2019\/06\/vue-aerienne.jpg 430w, https:\/\/www.mimosa.villas\/explore\/wp-content\/uploads\/2019\/06\/vue-aerienne-300x201.jpg 300w\" sizes=\"auto, (max-width: 430px) 100vw, 430px\" \/><\/figure>\n\n\n\n<p>La Polyn\u00e9sie Fran\u00e7aise est situ\u00e9e au milieu de  l&rsquo;oc\u00e9an Pacifiique au Sud d&rsquo;Hawa\u00ef. Il y a environ sept <strong><a href=\"https:\/\/www.mimosa.villas\/explore\/fr\/avions-et-ferries\">compagnies  a\u00e9riennes<\/a><a href=\"http:\/\/fr.tahiti.villas\/Avions-Ferries.html\"> <\/a><\/strong>qui assurent des liaisons avec Tahiti, l&rsquo;\u00eele  principale.<\/p>\n\n\n\n<figure class=\"wp-block-image\"><img loading=\"lazy\" decoding=\"async\" width=\"900\" height=\"301\" src=\"https:\/\/www.mimosa.villas\/explore\/wp-content\/uploads\/2019\/06\/carte-polynesie-1.jpg\" alt=\"\" class=\"wp-image-97\" srcset=\"https:\/\/www.mimosa.villas\/explore\/wp-content\/uploads\/2019\/06\/carte-polynesie-1.jpg 900w, https:\/\/www.mimosa.villas\/explore\/wp-content\/uploads\/2019\/06\/carte-polynesie-1-300x100.jpg 300w, https:\/\/www.mimosa.villas\/explore\/wp-content\/uploads\/2019\/06\/carte-polynesie-1-768x257.jpg 768w\" sizes=\"auto, (max-width: 900px) 100vw, 900px\" \/><\/figure>\n","protected":false},"excerpt":{"rendered":"<p>Pourquoi la Polyn\u00e9sie Tahiti et ses \u00eeles est v\u00e9ritablement un pays de mythes et de r\u00eaves. Derri\u00e8re chaque nom, chaque&#8230;<\/p>\n","protected":false},"author":2,"featured_media":0,"parent":0,"menu_order":0,"comment_status":"closed","ping_status":"closed","template":"","meta":{"footnotes":""},"class_list":["post-57","page","type-page","status-publish","hentry"],"yoast_head":"<!-- This site is optimized with the Yoast SEO plugin v27.4 - https:\/\/yoast.com\/product\/yoast-seo-wordpress\/ -->\n<title>Pourquoi la Polyn\u00e9sie - Blog<\/title>\n<meta name=\"description\" content=\"Tahiti et ses \u00eeles est v\u00e9ritablement un pays de mythes et de r\u00eaves. Derri\u00e8re chaque nom, chaque lieu, se cachent une l\u00e9gende, un dieu, une croyance que les polyn\u00e9siens tiennent \u00e0 perp\u00e9tuer\" \/>\n<meta name=\"robots\" content=\"index, follow, max-snippet:-1, max-image-preview:large, max-video-preview:-1\" \/>\n<link rel=\"canonical\" href=\"https:\/\/www.mimosa.villas\/explore\/fr\/why-french-polynesia\/\" \/>\n<meta property=\"og:locale\" content=\"fr_FR\" \/>\n<meta property=\"og:type\" content=\"article\" \/>\n<meta property=\"og:title\" content=\"Pourquoi la Polyn\u00e9sie - Blog\" \/>\n<meta property=\"og:description\" content=\"Tahiti et ses \u00eeles est v\u00e9ritablement un pays de mythes et de r\u00eaves. Derri\u00e8re chaque nom, chaque lieu, se cachent une l\u00e9gende, un dieu, une croyance que les polyn\u00e9siens tiennent \u00e0 perp\u00e9tuer\" \/>\n<meta property=\"og:url\" content=\"https:\/\/www.mimosa.villas\/explore\/fr\/why-french-polynesia\/\" \/>\n<meta property=\"og:site_name\" content=\"Blog\" \/>\n<meta property=\"article:modified_time\" content=\"2020-03-11T21:57:32+00:00\" \/>\n<meta property=\"og:image\" content=\"https:\/\/www.mimosa.villas\/explore\/wp-content\/uploads\/2019\/07\/pacifique-sud4.jpg\" \/>\n\t<meta property=\"og:image:width\" content=\"930\" \/>\n\t<meta property=\"og:image:height\" content=\"330\" \/>\n\t<meta property=\"og:image:type\" content=\"image\/jpeg\" \/>\n<meta name=\"twitter:card\" content=\"summary_large_image\" \/>\n<meta name=\"twitter:label1\" content=\"Dur\u00e9e de lecture estim\u00e9e\" \/>\n\t<meta name=\"twitter:data1\" content=\"3 minutes\" \/>\n<script type=\"application\/ld+json\" class=\"yoast-schema-graph\">{\"@context\":\"https:\\\/\\\/schema.org\",\"@graph\":[{\"@type\":\"WebPage\",\"@id\":\"https:\\\/\\\/www.mimosa.villas\\\/explore\\\/fr\\\/why-french-polynesia\\\/\",\"url\":\"https:\\\/\\\/www.mimosa.villas\\\/explore\\\/fr\\\/why-french-polynesia\\\/\",\"name\":\"Pourquoi la Polyn\u00e9sie - Blog\",\"isPartOf\":{\"@id\":\"https:\\\/\\\/www.mimosa.villas\\\/explore\\\/fr\\\/#website\"},\"primaryImageOfPage\":{\"@id\":\"https:\\\/\\\/www.mimosa.villas\\\/explore\\\/fr\\\/why-french-polynesia\\\/#primaryimage\"},\"image\":{\"@id\":\"https:\\\/\\\/www.mimosa.villas\\\/explore\\\/fr\\\/why-french-polynesia\\\/#primaryimage\"},\"thumbnailUrl\":\"http:\\\/\\\/www.mimosa.villas\\\/explore\\\/wp-content\\\/uploads\\\/2019\\\/07\\\/pacifique-sud4.jpg\",\"datePublished\":\"2019-06-19T20:28:44+00:00\",\"dateModified\":\"2020-03-11T21:57:32+00:00\",\"description\":\"Tahiti et ses \u00eeles est v\u00e9ritablement un pays de mythes et de r\u00eaves. Derri\u00e8re chaque nom, chaque lieu, se cachent une l\u00e9gende, un dieu, une croyance que les polyn\u00e9siens tiennent \u00e0 perp\u00e9tuer\",\"breadcrumb\":{\"@id\":\"https:\\\/\\\/www.mimosa.villas\\\/explore\\\/fr\\\/why-french-polynesia\\\/#breadcrumb\"},\"inLanguage\":\"fr-FR\",\"potentialAction\":[{\"@type\":\"ReadAction\",\"target\":[\"https:\\\/\\\/www.mimosa.villas\\\/explore\\\/fr\\\/why-french-polynesia\\\/\"]}]},{\"@type\":\"ImageObject\",\"inLanguage\":\"fr-FR\",\"@id\":\"https:\\\/\\\/www.mimosa.villas\\\/explore\\\/fr\\\/why-french-polynesia\\\/#primaryimage\",\"url\":\"http:\\\/\\\/www.mimosa.villas\\\/explore\\\/wp-content\\\/uploads\\\/2019\\\/07\\\/pacifique-sud4.jpg\",\"contentUrl\":\"http:\\\/\\\/www.mimosa.villas\\\/explore\\\/wp-content\\\/uploads\\\/2019\\\/07\\\/pacifique-sud4.jpg\"},{\"@type\":\"BreadcrumbList\",\"@id\":\"https:\\\/\\\/www.mimosa.villas\\\/explore\\\/fr\\\/why-french-polynesia\\\/#breadcrumb\",\"itemListElement\":[{\"@type\":\"ListItem\",\"position\":1,\"name\":\"Portada\",\"item\":\"https:\\\/\\\/www.mimosa.villas\\\/explore\\\/fr\\\/\"},{\"@type\":\"ListItem\",\"position\":2,\"name\":\"Pourquoi la Polyn\u00e9sie\"}]},{\"@type\":\"WebSite\",\"@id\":\"https:\\\/\\\/www.mimosa.villas\\\/explore\\\/fr\\\/#website\",\"url\":\"https:\\\/\\\/www.mimosa.villas\\\/explore\\\/fr\\\/\",\"name\":\"Blog\",\"description\":\"Mimosa Villas\",\"potentialAction\":[{\"@type\":\"SearchAction\",\"target\":{\"@type\":\"EntryPoint\",\"urlTemplate\":\"https:\\\/\\\/www.mimosa.villas\\\/explore\\\/fr\\\/?s={search_term_string}\"},\"query-input\":{\"@type\":\"PropertyValueSpecification\",\"valueRequired\":true,\"valueName\":\"search_term_string\"}}],\"inLanguage\":\"fr-FR\"}]}<\/script>\n<!-- \/ Yoast SEO plugin. -->","yoast_head_json":{"title":"Pourquoi la Polyn\u00e9sie - Blog","description":"Tahiti et ses \u00eeles est v\u00e9ritablement un pays de mythes et de r\u00eaves. Derri\u00e8re chaque nom, chaque lieu, se cachent une l\u00e9gende, un dieu, une croyance que les polyn\u00e9siens tiennent \u00e0 perp\u00e9tuer","robots":{"index":"index","follow":"follow","max-snippet":"max-snippet:-1","max-image-preview":"max-image-preview:large","max-video-preview":"max-video-preview:-1"},"canonical":"https:\/\/www.mimosa.villas\/explore\/fr\/why-french-polynesia\/","og_locale":"fr_FR","og_type":"article","og_title":"Pourquoi la Polyn\u00e9sie - Blog","og_description":"Tahiti et ses \u00eeles est v\u00e9ritablement un pays de mythes et de r\u00eaves. Derri\u00e8re chaque nom, chaque lieu, se cachent une l\u00e9gende, un dieu, une croyance que les polyn\u00e9siens tiennent \u00e0 perp\u00e9tuer","og_url":"https:\/\/www.mimosa.villas\/explore\/fr\/why-french-polynesia\/","og_site_name":"Blog","article_modified_time":"2020-03-11T21:57:32+00:00","og_image":[{"width":930,"height":330,"url":"https:\/\/www.mimosa.villas\/explore\/wp-content\/uploads\/2019\/07\/pacifique-sud4.jpg","type":"image\/jpeg"}],"twitter_card":"summary_large_image","twitter_misc":{"Dur\u00e9e de lecture estim\u00e9e":"3 minutes"},"schema":{"@context":"https:\/\/schema.org","@graph":[{"@type":"WebPage","@id":"https:\/\/www.mimosa.villas\/explore\/fr\/why-french-polynesia\/","url":"https:\/\/www.mimosa.villas\/explore\/fr\/why-french-polynesia\/","name":"Pourquoi la Polyn\u00e9sie - Blog","isPartOf":{"@id":"https:\/\/www.mimosa.villas\/explore\/fr\/#website"},"primaryImageOfPage":{"@id":"https:\/\/www.mimosa.villas\/explore\/fr\/why-french-polynesia\/#primaryimage"},"image":{"@id":"https:\/\/www.mimosa.villas\/explore\/fr\/why-french-polynesia\/#primaryimage"},"thumbnailUrl":"http:\/\/www.mimosa.villas\/explore\/wp-content\/uploads\/2019\/07\/pacifique-sud4.jpg","datePublished":"2019-06-19T20:28:44+00:00","dateModified":"2020-03-11T21:57:32+00:00","description":"Tahiti et ses \u00eeles est v\u00e9ritablement un pays de mythes et de r\u00eaves. Derri\u00e8re chaque nom, chaque lieu, se cachent une l\u00e9gende, un dieu, une croyance que les polyn\u00e9siens tiennent \u00e0 perp\u00e9tuer","breadcrumb":{"@id":"https:\/\/www.mimosa.villas\/explore\/fr\/why-french-polynesia\/#breadcrumb"},"inLanguage":"fr-FR","potentialAction":[{"@type":"ReadAction","target":["https:\/\/www.mimosa.villas\/explore\/fr\/why-french-polynesia\/"]}]},{"@type":"ImageObject","inLanguage":"fr-FR","@id":"https:\/\/www.mimosa.villas\/explore\/fr\/why-french-polynesia\/#primaryimage","url":"http:\/\/www.mimosa.villas\/explore\/wp-content\/uploads\/2019\/07\/pacifique-sud4.jpg","contentUrl":"http:\/\/www.mimosa.villas\/explore\/wp-content\/uploads\/2019\/07\/pacifique-sud4.jpg"},{"@type":"BreadcrumbList","@id":"https:\/\/www.mimosa.villas\/explore\/fr\/why-french-polynesia\/#breadcrumb","itemListElement":[{"@type":"ListItem","position":1,"name":"Portada","item":"https:\/\/www.mimosa.villas\/explore\/fr\/"},{"@type":"ListItem","position":2,"name":"Pourquoi la Polyn\u00e9sie"}]},{"@type":"WebSite","@id":"https:\/\/www.mimosa.villas\/explore\/fr\/#website","url":"https:\/\/www.mimosa.villas\/explore\/fr\/","name":"Blog","description":"Mimosa Villas","potentialAction":[{"@type":"SearchAction","target":{"@type":"EntryPoint","urlTemplate":"https:\/\/www.mimosa.villas\/explore\/fr\/?s={search_term_string}"},"query-input":{"@type":"PropertyValueSpecification","valueRequired":true,"valueName":"search_term_string"}}],"inLanguage":"fr-FR"}]}},"_links":{"self":[{"href":"https:\/\/www.mimosa.villas\/explore\/fr\/wp-json\/wp\/v2\/pages\/57","targetHints":{"allow":["GET"]}}],"collection":[{"href":"https:\/\/www.mimosa.villas\/explore\/fr\/wp-json\/wp\/v2\/pages"}],"about":[{"href":"https:\/\/www.mimosa.villas\/explore\/fr\/wp-json\/wp\/v2\/types\/page"}],"author":[{"embeddable":true,"href":"https:\/\/www.mimosa.villas\/explore\/fr\/wp-json\/wp\/v2\/users\/2"}],"replies":[{"embeddable":true,"href":"https:\/\/www.mimosa.villas\/explore\/fr\/wp-json\/wp\/v2\/comments?post=57"}],"version-history":[{"count":15,"href":"https:\/\/www.mimosa.villas\/explore\/fr\/wp-json\/wp\/v2\/pages\/57\/revisions"}],"predecessor-version":[{"id":373,"href":"https:\/\/www.mimosa.villas\/explore\/fr\/wp-json\/wp\/v2\/pages\/57\/revisions\/373"}],"wp:attachment":[{"href":"https:\/\/www.mimosa.villas\/explore\/fr\/wp-json\/wp\/v2\/media?parent=57"}],"curies":[{"name":"wp","href":"https:\/\/api.w.org\/{rel}","templated":true}]}}