{"id":154,"date":"2019-06-22T04:00:50","date_gmt":"2019-06-22T02:00:50","guid":{"rendered":"http:\/\/www.mimosa.villas\/explore\/reviews-from-tahiti-mimosa-villas-guests\/"},"modified":"2020-03-11T22:41:58","modified_gmt":"2020-03-11T21:41:58","slug":"reviews-from-tahiti-mimosa-villas-guests","status":"publish","type":"page","link":"https:\/\/www.mimosa.villas\/explore\/fr\/reviews-from-tahiti-mimosa-villas-guests\/","title":{"rendered":"Les appr\u00e9ciations de nos clients, chez Tahiti Mimosa Villas"},"content":{"rendered":"\n<h2 class=\"wp-block-heading\">Les appr\u00e9ciations de nos clients, chez Tahiti Mimosa Villas<\/h2>\n\n\n\n<figure class=\"wp-block-image\"><img loading=\"lazy\" decoding=\"async\" width=\"930\" height=\"470\" src=\"http:\/\/www.mimosa.villas\/explore\/wp-content\/uploads\/2019\/07\/guests.jpg\" alt=\"\" class=\"wp-image-201\" srcset=\"https:\/\/www.mimosa.villas\/explore\/wp-content\/uploads\/2019\/07\/guests.jpg 930w, https:\/\/www.mimosa.villas\/explore\/wp-content\/uploads\/2019\/07\/guests-300x152.jpg 300w, https:\/\/www.mimosa.villas\/explore\/wp-content\/uploads\/2019\/07\/guests-768x388.jpg 768w\" sizes=\"auto, (max-width: 930px) 100vw, 930px\" \/><\/figure>\n\n\n\n<div class=\"wp-block-image\"><figure class=\"alignleft\"><img loading=\"lazy\" decoding=\"async\" width=\"150\" height=\"150\" src=\"http:\/\/www.mimosa.villas\/explore\/wp-content\/uploads\/2019\/07\/sevice-villa-vert.jpg\" alt=\"\" class=\"wp-image-217\"\/><\/figure><\/div>\n\n\n\n<p>La satisfaction de nos clients est notre meilleure r\u00e9compense ! Depuis 12 ans nous aidons nos h\u00f4tes \u00e0 choisir la meilleure maison \/ Villa pour leur s\u00e9jour, \u00e0 trouver celle qui va satisfaire leurs crit\u00e8res, leur budget, et \u00e0 faire le maximum pour que ces vacances soient v\u00e9ritablement extraordinaires. Nous organisons \u00e9galement leur arriv\u00e9e et leur s\u00e9jour, les conseillons au sujet des d\u00e9placements si n\u00e9cessaire (vols \/ trains \/ transferts et locations de voitures). Avec 12 ans d&rsquo;exp\u00e9rience dans le secteur touristique dans le Sud de la France et sur Paris nous savons quels sont les meilleurs endroit pour s\u00e9journer !<\/p>\n\n\n\n<p>Nous nous occupons des petits d\u00e9tails qui font la diff\u00e9rence, ex: un sac de golf dans vos bagages, un vol international qui d\u00e9colle \u00e0 8h du matin, un berceau pour un petit enfant, une suggestion pour un d\u00eener romantique, quelle connection pour la suite de votre voyage, quel prestataire choisir pour une croisi\u00e8re en mer \u00e0 la journ\u00e9e, etc.<\/p>\n\n\n\n<p><strong>Nous sommes tr\u00e8s attentifs \u00e0 tous vos commentaires et \u00e0 vos attentes afin d\u2019am\u00e9liorer nos services en permanence !<br>Nous avons des dizaines d&rsquo;appr\u00e9ciations mais nous avons seulement s\u00e9lectionn\u00e9 les plus r\u00e9centes. Merci \u00e0 tous \ud83d\ude42<\/strong><\/p>\n\n\n\n<p><strong>Nous esp\u00e9rons organiser votre s\u00e9jour et vous recevoir tr\u00e8s prochainement !<br>Denis<\/strong><\/p>\n\n\n\n<hr class=\"wp-block-separator\"\/>\n\n\n\n<div class=\"wp-block-columns has-2-columns is-layout-flex wp-container-core-columns-is-layout-9d6595d7 wp-block-columns-is-layout-flex\">\n<div class=\"wp-block-column is-layout-flow wp-block-column-is-layout-flow\">\n<h3 class=\"wp-block-heading\">Fantastic!!\t\t\t <\/h3>\n\n\n\n<p><strong><a href=\"https:\/\/www.mimosa.villas\/fr\/location\/appartement-paris-marais-pompidou-2br-2ba-a-c-283943.html\">POMPIDOU  APT<\/a><\/strong><br>June 2018 Very very well situated. Appartement was exactly as  described in pictures. Everything was sparkling clean. We were greated on  arrival by our concierge Jean-Paul who was waiting for us and gave us very  usefull tips. We were 2 couples and with the 2 bdr 2 baths it was great. Kitchen  small but very well equipped. Very high end finishes and decoration + artwork.  Large windows on interior court which provided calm and tranquility at night. I  highly recommend without hesitation<br>Joceline<\/p>\n\n\n\n<h3 class=\"wp-block-heading\">A happy place in a great location\t\t\t <\/h3>\n\n\n\n<p><strong><a href=\"https:\/\/www.mimosa.villas\/fr\/location\/appartement-paris-beaubourg-balcony-2br-2ba-a-c-283942.html\">BEAUBOURG  BALCONY<\/a><\/strong><a href=\"http:\/\/demo-218.avantio.com\/fr\/location\/appartement-paris-beaubourg-balcony-2br-2ba-a-c-283942.html\"><br><\/a>Dec  2017 <br>This apartment is facing east so it is just above the  rooftops of the surrounding buildings and you can watch the sunrise from the  kitchen, living area, or balcony. If you step onto the balcony and look south,  you can see the towers of Notre Dame. It&rsquo;s a busy street right near the Centre  Georges Pompidou, but the building is quiet at night. The apartment is bright  and modern but at the same time cozy and warm. The photos online are accurate.  It had many of those super-cool European design touches (clever use of space, a  mix of old and new, interesting textiles, colorful artwork, etc.) The  super-modern kitchen has everything you need to cook if you wish. The apartment  was very clean, the shower water was hot, the furniture was comfortable. I  definitely got the feeling that the manager cared about whether or not guests  enjoyed their stay. (We had just stayed in an apartment in London where the  owner clearly did not care.) If you walk a few blocks east, you are in the  middle of the beautiful old streets of Le Marais &#8212; lots of wonderful cafes and  shops and a few small museums. I visited here with my 24-year-old son and he  loved the apartment, too.<br>A great stay!. Ellen<\/p>\n\n\n\n<h3 class=\"wp-block-heading\">Really Amazing\t\t\t <\/h3>\n\n\n\n<p><strong><a href=\"https:\/\/www.mimosa.villas\/fr\/location\/appartement-paris-beaubourg-balcony-2br-2ba-a-c-283942.html\">BEAUBOURG  BALCONY<\/a><\/strong><a href=\"http:\/\/demo-218.avantio.com\/fr\/location\/appartement-paris-beaubourg-balcony-2br-2ba-a-c-283942.html\"><br><\/a>July  2018<br>The apartment is very well furnished and equipped. Everything was  new and clean. The location is perfect. You can walk to many attractions and  restaurants &#8211; and there is subway stations near the building, as well. The  owner\/manager provided a very good customer service.<br>Monica <\/p>\n\n\n\n<h3 class=\"wp-block-heading\">It was unquestionably one of the best rental we have had anywhere!<\/h3>\n\n\n\n<p> <strong><a href=\"http:\/\/mimosa.villas\/Beaubourg-Balcony.html\"><\/a><a href=\"https:\/\/www.mimosa.villas\/fr\/location\/villa-maharepa-pool-villa-bliss-10-by-tahiti-villas-283908.html\">#10 POOL VILLA BLISS IN MOOREA<\/a><\/strong> <br>Nov 2017 <br> Greetings Denis,<br> Our rental experience was unquestionably the best rental we have had in French Polynesia &amp;, in fact, one of the best rental experiences we have had anywhere! The house was in immaculate condition &amp; the facilities, appliances, furniture &amp; decor could hardly have been better. We cooked our own food &amp; the kitchen was excellent. We used the BBQ frequently &amp; appreciated having it. Our only criticism of the whole house is that BBQ does need repair or replacement &#8211; This is done now! &#8211; . The location of the house could not be better, very near an excellent little supermarket which provided all our needs (including fresh produce, excellent fish, some meat &amp; good baguette), &amp; several good restaurants (we particularly enjoyed Allo Pizza for lunch). Also, very importantly, the property manager was an outstanding host &#8211; meeting us at the ferry when we arrived (&amp; taking us to the airport for our departure), providing useful information, making sure we had everything we needed, ensuring a perfect stay &amp; always available. The housekeeping half way through our 2 weeks was also very good. There is no doubt that we will want to return to this rental on our next visit to French Polynesia in 2 years &amp; recommend it to anyone in search of a peaceful &amp; delightful experience.<br> Thank you &amp; mauruuru roa!<br> Barbara &amp; Simon<\/p>\n\n\n\n<h3 class=\"wp-block-heading\">The house had a beautiful Polynesian vibe to it    <\/h3>\n\n\n\n<p> <strong><a href=\"https:\/\/www.mimosa.villas\/fr\/location\/villa-maharepa-2-beach-villa-bliss-by-tahiti-villas-283639.html\">#2 BEACH VILLA BLISS IN MOOREA<\/a><\/strong><br>Aug 2017<br> We stayed for 6 nights in this Villa and loved every minute. The house is spacious and clean and had a beautiful Polynesian vibe to it. The property manager met us when we arrived and was very helpful settling us into our stay on Moorea with suggestions on tours, experiences and restaurants etc. This Villa is in a perfect location to shops, car rental and cafes. Moorea was our final destination of our month long stay in French Polynesia and this villa gave us breathing space, comfort and some independence to cook our own food really relax. In a forgetful moment, I left my Ukulele I purchased behind at the villa on the day we checked out and after initial panic at the ferry terminal we made a phone call &amp; the property manager kindly drove over to the terminal and delivered it safely to me. I really appreciated that.<br> So Thank you Denis, we loved our stay in this Villa.<br> Sally &amp; Gary from Australia <\/p>\n<\/div>\n\n\n\n<div class=\"wp-block-column is-layout-flow wp-block-column-is-layout-flow\">\n<h3 class=\"wp-block-heading\">Great location and super comfortable and equipped\t\t\t <\/h3>\n\n\n\n<p><strong><a href=\"https:\/\/www.mimosa.villas\/fr\/location\/appartement-paris-beaubourg-balcony-2br-2ba-a-c-283942.html\">BEAUBOURG BALCONY  APT<\/a><\/strong><a href=\"http:\/\/demo-218.avantio.com\/fr\/location\/appartement-paris-beaubourg-balcony-2br-2ba-a-c-283942.html\"><br><\/a>August 2018 <br>Great location, comfortable, well equipped and very  bright &#8211; we even hosted a cocktail party for 7 family members that also happened  to be in Paris at the same time. The one thing I will add is that while it is on  a busy street as others have noted, that did not prevent us from enjoying the  flat with the doors open to the air during the day. While we did close them at  night and put on the a\/c, the street quieted down a lot at night if you did want  to try sleeping with the doors open. Highly recommend and we&rsquo;ll be  back!<br>Tom<\/p>\n\n\n\n<p><strong><a href=\"https:\/\/www.mimosa.villas\/fr\/location\/villa-papetoai-beach-villa-cook-robinson-s-cove-282130.html\">BEACH VILLA COOK<\/a><\/strong><br>Sept 2018<br>My wife and I were on our 30th Wedding Anniversary and spent 5 days at Beach Villa Cook. It was truly a magical experience and everything we had hoped for in a tropical vacation. Villa Cook was everything promised and more as pictures cannot fully capture the beauty and peacefulness on this location. When we arrived in Moorea we were met promptly by the car service and taken directly to the house. We were met there by Alix who showed us the property and answered all of our questions. The house itself was perfect for our needs. We loved that we had a private beach steps from our bedroom and had the ability to make breakfast or lunch on our own or choose to use the available car to go for a nice meal. The snorkeling from the property was fantastic and we used the double kayak a couple times for an early morning or sunset paddle in one of the most beautiful lagoons in the world. Villa Cook was simply fantastic and we would recommend this property to anyone looking to enjoy a peaceful break from reality in one of the most beautiful settings available.<br>Ken<\/p>\n\n\n\n<h3 class=\"wp-block-heading\">This was a trip of a lifetime!<\/h3>\n\n\n\n<p><strong><a href=\"https:\/\/www.mimosa.villas\/fr\/location\/bateau-vaitape-catamaran-3-nights-cruise-by-tahiti-villas-282290.html\">3-NIGHT CRUISE ALL INCLUSIVE<\/a><\/strong><br>January 2019<br>It was everything we hoped for and more. The beauty of the islands and the warm blue water was magical. We truly loved the boat, \u2013 so clean &amp; tidy &amp; the perfect size for us! The girls loved the net in the front of the catamaran, just laying out in the sun as we cruised. Our staff was awesome, Jerome &amp; Haniti were so friendly and took great care of us. Jerome has been a captain for years &amp; kept us at ease with his knowledge and skill and knew all the great spots to take us to for snorkeling. Haniti was an amazing cook! We felt so lucky to be on this trip. I would recommend it to anyone, \u2013 we will never ever forget the memories.<br>A huge thank you to Denis for his recommendations &amp; organization of our trip!!! We hope to come back one day!<br>Sincerely,\u00a0<br>Toni<\/p>\n\n\n\n<h3 class=\"wp-block-heading\">We had a great stay in the Carlton Beach Apartment in Tahiti<\/h3>\n\n\n\n<p><strong><a href=\"https:\/\/www.mimosa.villas\/fr\/location\/appartement-punaauia-apt-carlton-beach-tahiti-by-tahiti-villas-283916.html\">DELUXE CARLTON BEACH APT IN TAHITI<\/a><\/strong><br>Apr 2017\u00a0<br>We had a great stay in the Carlton Beach apartment. The apartment was as described on the website and had everything we needed for our stay. The complex surrounds were quiet and private and well kept. The pool was spectacular, it seemed to go on forever, and was only steps away from our private outdoor area. Bruno\u2019s driver was there to meet us at the airport to give us the key and lead the way to the apartment, and he was there again to meet us when we left. I would certainly recommend having a hire car during a stay here, as the apartment is not within close walking distance to the local shops or town. We would certainly recommend this property for a family stay in Tahiti.<br>Kylie, from Australia<\/p>\n\n\n\n<h3 class=\"wp-block-heading\">A Perfect Paradise!<\/h3>\n\n\n\n<p><strong><a href=\"https:\/\/www.mimosa.villas\/fr\/location\/villa-papetoai-beach-villa-cook-robinson-s-cove-282130.html\">BEACH VILLA COOK IN MOOREA<\/a><\/strong><br>Aug &amp; Sept 2017<br>We stayed for 20 wonderful nights at Robinson Cove Villas, Villa Cook. The house was perfect for the six of us. Denis and his staff were exceptionally gracious and accommodating. They went out of their way to make sure that the one of us with a handicap would be comfortable. The pictures of the house are great but they can\u2019t begin to capture the incredible beauty of this place or the sound of the gently lapping waves at your doorstep. We used the kayaks everyday and several times were greeted in the cove by whales and dolphins! We snorkeled right off the beach and rented their car to buzz around the island. Alix, the caretaker was wonderful and her two dogs, Pepsi and Ciboulette made us feel at home. Though it may seem a little expensive, we saved a lot of money shopping for local food and cooking at the house. Wonderful meals were prepared in the well stocked kitchen and eaten on the deck while watching the sunset. This place is truly a small piece of paradise and we highly recommend staying at Robinson Cove Villas!<br>Lynn and friends<\/p>\n<\/div>\n<\/div>\n","protected":false},"excerpt":{"rendered":"<p>Les appr\u00e9ciations de nos clients, chez Tahiti Mimosa Villas La satisfaction de nos clients est notre meilleure r\u00e9compense ! Depuis&#8230;<\/p>\n","protected":false},"author":2,"featured_media":0,"parent":0,"menu_order":0,"comment_status":"closed","ping_status":"closed","template":"","meta":{"footnotes":""},"class_list":["post-154","page","type-page","status-publish","hentry"],"yoast_head":"<!-- This site is optimized with the Yoast SEO plugin v27.4 - https:\/\/yoast.com\/product\/yoast-seo-wordpress\/ -->\n<title>Les appr\u00e9ciations de nos clients, chez Tahiti Mimosa Villas - Blog<\/title>\n<meta name=\"robots\" content=\"index, follow, max-snippet:-1, max-image-preview:large, max-video-preview:-1\" \/>\n<link rel=\"canonical\" href=\"https:\/\/www.mimosa.villas\/explore\/fr\/reviews-from-tahiti-mimosa-villas-guests\/\" \/>\n<meta property=\"og:locale\" content=\"fr_FR\" \/>\n<meta property=\"og:type\" content=\"article\" \/>\n<meta property=\"og:title\" content=\"Les appr\u00e9ciations de nos clients, chez Tahiti Mimosa Villas - Blog\" \/>\n<meta property=\"og:description\" content=\"Les appr\u00e9ciations de nos clients, chez Tahiti Mimosa Villas La satisfaction de nos clients est notre meilleure r\u00e9compense ! Depuis...\" \/>\n<meta property=\"og:url\" content=\"https:\/\/www.mimosa.villas\/explore\/fr\/reviews-from-tahiti-mimosa-villas-guests\/\" \/>\n<meta property=\"og:site_name\" content=\"Blog\" \/>\n<meta property=\"article:modified_time\" content=\"2020-03-11T21:41:58+00:00\" \/>\n<meta property=\"og:image\" content=\"https:\/\/www.mimosa.villas\/explore\/wp-content\/uploads\/2019\/07\/guests.jpg\" \/>\n\t<meta property=\"og:image:width\" content=\"930\" \/>\n\t<meta property=\"og:image:height\" content=\"470\" \/>\n\t<meta property=\"og:image:type\" content=\"image\/jpeg\" \/>\n<meta name=\"twitter:card\" content=\"summary_large_image\" \/>\n<meta name=\"twitter:label1\" content=\"Dur\u00e9e de lecture estim\u00e9e\" \/>\n\t<meta name=\"twitter:data1\" content=\"9 minutes\" \/>\n<script type=\"application\/ld+json\" class=\"yoast-schema-graph\">{\"@context\":\"https:\\\/\\\/schema.org\",\"@graph\":[{\"@type\":\"WebPage\",\"@id\":\"https:\\\/\\\/www.mimosa.villas\\\/explore\\\/fr\\\/reviews-from-tahiti-mimosa-villas-guests\\\/\",\"url\":\"https:\\\/\\\/www.mimosa.villas\\\/explore\\\/fr\\\/reviews-from-tahiti-mimosa-villas-guests\\\/\",\"name\":\"Les appr\u00e9ciations de nos clients, chez Tahiti Mimosa Villas - Blog\",\"isPartOf\":{\"@id\":\"https:\\\/\\\/www.mimosa.villas\\\/explore\\\/fr\\\/#website\"},\"primaryImageOfPage\":{\"@id\":\"https:\\\/\\\/www.mimosa.villas\\\/explore\\\/fr\\\/reviews-from-tahiti-mimosa-villas-guests\\\/#primaryimage\"},\"image\":{\"@id\":\"https:\\\/\\\/www.mimosa.villas\\\/explore\\\/fr\\\/reviews-from-tahiti-mimosa-villas-guests\\\/#primaryimage\"},\"thumbnailUrl\":\"http:\\\/\\\/www.mimosa.villas\\\/explore\\\/wp-content\\\/uploads\\\/2019\\\/07\\\/guests.jpg\",\"datePublished\":\"2019-06-22T02:00:50+00:00\",\"dateModified\":\"2020-03-11T21:41:58+00:00\",\"breadcrumb\":{\"@id\":\"https:\\\/\\\/www.mimosa.villas\\\/explore\\\/fr\\\/reviews-from-tahiti-mimosa-villas-guests\\\/#breadcrumb\"},\"inLanguage\":\"fr-FR\",\"potentialAction\":[{\"@type\":\"ReadAction\",\"target\":[\"https:\\\/\\\/www.mimosa.villas\\\/explore\\\/fr\\\/reviews-from-tahiti-mimosa-villas-guests\\\/\"]}]},{\"@type\":\"ImageObject\",\"inLanguage\":\"fr-FR\",\"@id\":\"https:\\\/\\\/www.mimosa.villas\\\/explore\\\/fr\\\/reviews-from-tahiti-mimosa-villas-guests\\\/#primaryimage\",\"url\":\"http:\\\/\\\/www.mimosa.villas\\\/explore\\\/wp-content\\\/uploads\\\/2019\\\/07\\\/guests.jpg\",\"contentUrl\":\"http:\\\/\\\/www.mimosa.villas\\\/explore\\\/wp-content\\\/uploads\\\/2019\\\/07\\\/guests.jpg\"},{\"@type\":\"BreadcrumbList\",\"@id\":\"https:\\\/\\\/www.mimosa.villas\\\/explore\\\/fr\\\/reviews-from-tahiti-mimosa-villas-guests\\\/#breadcrumb\",\"itemListElement\":[{\"@type\":\"ListItem\",\"position\":1,\"name\":\"Portada\",\"item\":\"https:\\\/\\\/www.mimosa.villas\\\/explore\\\/fr\\\/\"},{\"@type\":\"ListItem\",\"position\":2,\"name\":\"Les appr\u00e9ciations de nos clients, chez Tahiti Mimosa Villas\"}]},{\"@type\":\"WebSite\",\"@id\":\"https:\\\/\\\/www.mimosa.villas\\\/explore\\\/fr\\\/#website\",\"url\":\"https:\\\/\\\/www.mimosa.villas\\\/explore\\\/fr\\\/\",\"name\":\"Blog\",\"description\":\"Mimosa Villas\",\"potentialAction\":[{\"@type\":\"SearchAction\",\"target\":{\"@type\":\"EntryPoint\",\"urlTemplate\":\"https:\\\/\\\/www.mimosa.villas\\\/explore\\\/fr\\\/?s={search_term_string}\"},\"query-input\":{\"@type\":\"PropertyValueSpecification\",\"valueRequired\":true,\"valueName\":\"search_term_string\"}}],\"inLanguage\":\"fr-FR\"}]}<\/script>\n<!-- \/ Yoast SEO plugin. -->","yoast_head_json":{"title":"Les appr\u00e9ciations de nos clients, chez Tahiti Mimosa Villas - Blog","robots":{"index":"index","follow":"follow","max-snippet":"max-snippet:-1","max-image-preview":"max-image-preview:large","max-video-preview":"max-video-preview:-1"},"canonical":"https:\/\/www.mimosa.villas\/explore\/fr\/reviews-from-tahiti-mimosa-villas-guests\/","og_locale":"fr_FR","og_type":"article","og_title":"Les appr\u00e9ciations de nos clients, chez Tahiti Mimosa Villas - Blog","og_description":"Les appr\u00e9ciations de nos clients, chez Tahiti Mimosa Villas La satisfaction de nos clients est notre meilleure r\u00e9compense ! Depuis...","og_url":"https:\/\/www.mimosa.villas\/explore\/fr\/reviews-from-tahiti-mimosa-villas-guests\/","og_site_name":"Blog","article_modified_time":"2020-03-11T21:41:58+00:00","og_image":[{"width":930,"height":470,"url":"https:\/\/www.mimosa.villas\/explore\/wp-content\/uploads\/2019\/07\/guests.jpg","type":"image\/jpeg"}],"twitter_card":"summary_large_image","twitter_misc":{"Dur\u00e9e de lecture estim\u00e9e":"9 minutes"},"schema":{"@context":"https:\/\/schema.org","@graph":[{"@type":"WebPage","@id":"https:\/\/www.mimosa.villas\/explore\/fr\/reviews-from-tahiti-mimosa-villas-guests\/","url":"https:\/\/www.mimosa.villas\/explore\/fr\/reviews-from-tahiti-mimosa-villas-guests\/","name":"Les appr\u00e9ciations de nos clients, chez Tahiti Mimosa Villas - Blog","isPartOf":{"@id":"https:\/\/www.mimosa.villas\/explore\/fr\/#website"},"primaryImageOfPage":{"@id":"https:\/\/www.mimosa.villas\/explore\/fr\/reviews-from-tahiti-mimosa-villas-guests\/#primaryimage"},"image":{"@id":"https:\/\/www.mimosa.villas\/explore\/fr\/reviews-from-tahiti-mimosa-villas-guests\/#primaryimage"},"thumbnailUrl":"http:\/\/www.mimosa.villas\/explore\/wp-content\/uploads\/2019\/07\/guests.jpg","datePublished":"2019-06-22T02:00:50+00:00","dateModified":"2020-03-11T21:41:58+00:00","breadcrumb":{"@id":"https:\/\/www.mimosa.villas\/explore\/fr\/reviews-from-tahiti-mimosa-villas-guests\/#breadcrumb"},"inLanguage":"fr-FR","potentialAction":[{"@type":"ReadAction","target":["https:\/\/www.mimosa.villas\/explore\/fr\/reviews-from-tahiti-mimosa-villas-guests\/"]}]},{"@type":"ImageObject","inLanguage":"fr-FR","@id":"https:\/\/www.mimosa.villas\/explore\/fr\/reviews-from-tahiti-mimosa-villas-guests\/#primaryimage","url":"http:\/\/www.mimosa.villas\/explore\/wp-content\/uploads\/2019\/07\/guests.jpg","contentUrl":"http:\/\/www.mimosa.villas\/explore\/wp-content\/uploads\/2019\/07\/guests.jpg"},{"@type":"BreadcrumbList","@id":"https:\/\/www.mimosa.villas\/explore\/fr\/reviews-from-tahiti-mimosa-villas-guests\/#breadcrumb","itemListElement":[{"@type":"ListItem","position":1,"name":"Portada","item":"https:\/\/www.mimosa.villas\/explore\/fr\/"},{"@type":"ListItem","position":2,"name":"Les appr\u00e9ciations de nos clients, chez Tahiti Mimosa Villas"}]},{"@type":"WebSite","@id":"https:\/\/www.mimosa.villas\/explore\/fr\/#website","url":"https:\/\/www.mimosa.villas\/explore\/fr\/","name":"Blog","description":"Mimosa Villas","potentialAction":[{"@type":"SearchAction","target":{"@type":"EntryPoint","urlTemplate":"https:\/\/www.mimosa.villas\/explore\/fr\/?s={search_term_string}"},"query-input":{"@type":"PropertyValueSpecification","valueRequired":true,"valueName":"search_term_string"}}],"inLanguage":"fr-FR"}]}},"_links":{"self":[{"href":"https:\/\/www.mimosa.villas\/explore\/fr\/wp-json\/wp\/v2\/pages\/154","targetHints":{"allow":["GET"]}}],"collection":[{"href":"https:\/\/www.mimosa.villas\/explore\/fr\/wp-json\/wp\/v2\/pages"}],"about":[{"href":"https:\/\/www.mimosa.villas\/explore\/fr\/wp-json\/wp\/v2\/types\/page"}],"author":[{"embeddable":true,"href":"https:\/\/www.mimosa.villas\/explore\/fr\/wp-json\/wp\/v2\/users\/2"}],"replies":[{"embeddable":true,"href":"https:\/\/www.mimosa.villas\/explore\/fr\/wp-json\/wp\/v2\/comments?post=154"}],"version-history":[{"count":10,"href":"https:\/\/www.mimosa.villas\/explore\/fr\/wp-json\/wp\/v2\/pages\/154\/revisions"}],"predecessor-version":[{"id":367,"href":"https:\/\/www.mimosa.villas\/explore\/fr\/wp-json\/wp\/v2\/pages\/154\/revisions\/367"}],"wp:attachment":[{"href":"https:\/\/www.mimosa.villas\/explore\/fr\/wp-json\/wp\/v2\/media?parent=154"}],"curies":[{"name":"wp","href":"https:\/\/api.w.org\/{rel}","templated":true}]}}