{"id":147,"date":"2019-06-22T03:06:00","date_gmt":"2019-06-22T01:06:00","guid":{"rendered":"http:\/\/www.mimosa.villas\/explore\/why-choosing-tahiti-mimosa-villas\/"},"modified":"2020-03-11T22:56:18","modified_gmt":"2020-03-11T21:56:18","slug":"why-choosing-tahiti-mimosa-villas","status":"publish","type":"page","link":"https:\/\/www.mimosa.villas\/explore\/fr\/why-choosing-tahiti-mimosa-villas\/","title":{"rendered":"Pourquoi choisir Tahiti Mimosa Villas?"},"content":{"rendered":"\n<h2 class=\"wp-block-heading\">Pourquoi choisir Tahiti Mimosa Villas?<\/h2>\n\n\n\n<figure class=\"wp-block-image\"><img loading=\"lazy\" decoding=\"async\" width=\"930\" height=\"320\" src=\"http:\/\/www.mimosa.villas\/explore\/wp-content\/uploads\/2019\/07\/why-choosing-mv.jpg\" alt=\"\" class=\"wp-image-197\" srcset=\"https:\/\/www.mimosa.villas\/explore\/wp-content\/uploads\/2019\/07\/why-choosing-mv.jpg 930w, https:\/\/www.mimosa.villas\/explore\/wp-content\/uploads\/2019\/07\/why-choosing-mv-300x103.jpg 300w, https:\/\/www.mimosa.villas\/explore\/wp-content\/uploads\/2019\/07\/why-choosing-mv-768x264.jpg 768w\" sizes=\"auto, (max-width: 930px) 100vw, 930px\" \/><\/figure>\n\n\n\n<h3 class=\"wp-block-heading\">Quels sont nos forces qui font notre diff\u00e9rence ?\t<\/h3>\n\n\n\n<div class=\"wp-block-image\"><figure class=\"alignright\"><img loading=\"lazy\" decoding=\"async\" width=\"270\" height=\"270\" src=\"http:\/\/www.mimosa.villas\/explore\/wp-content\/uploads\/2019\/06\/logoonsite-fr.jpg\" alt=\"\" class=\"wp-image-176\" srcset=\"https:\/\/www.mimosa.villas\/explore\/wp-content\/uploads\/2019\/06\/logoonsite-fr.jpg 270w, https:\/\/www.mimosa.villas\/explore\/wp-content\/uploads\/2019\/06\/logoonsite-fr-150x150.jpg 150w\" sizes=\"auto, (max-width: 270px) 100vw, 270px\" \/><\/figure><\/div>\n\n\n\n<ul class=\"wp-block-list\"><li><strong>La satisfaction<\/strong> des propri\u00e9taires et des locataires est   notre priorit\u00e9 absolue<\/li><li>Nous pensons au niveau mondial, mais sommes encore plus concentr\u00e9s    <strong>sur nos actions locales<\/strong> avec nos vacanciers et nos   propri\u00e9t\u00e9s<\/li><li>Chaque propri\u00e9t\u00e9 a \u00e9t\u00e9 <strong>s\u00e9lectionn\u00e9e avec minutie<\/strong> et   visit\u00e9e par un membre de notre \u00e9quipe<\/li><li>Notre concierge qui vous accueille sur place conna\u00eet parfaitement    <strong>le fonctionnement et les \u00e9quipements de la propri\u00e9t\u00e9<\/strong><\/li><li>Vivants en France (mais connect\u00e9s depuis longtemps au monde Anglo-Saxon !)   nous serons heureux de <strong>partager avec vous la culture et les   merveilles<\/strong> \u00e0 d\u00e9couvrir dans la r\u00e9gion que vous avez choisie<\/li><li>Etant nous m\u00eames propri\u00e9taires de Villas sur la C\u00f4te d&rsquo;Azur et \u00e0 Tahiti   que nous proposons \u00e0 la location de vacances, <strong>nous connaissons mieux   que quiconque les attentes des clients et la fa\u00e7on de structurer une activit\u00e9   de locations de vacances<\/strong><\/li><li>En tant qu&rsquo;op\u00e9rateur de voyages, nous assistons nos clients <strong>avant,   pendant et apr\u00e8s leur s\u00e9jour<\/strong><\/li><li><strong>Nos services de conciergerie<\/strong> vont bien au-del\u00e0 d\u2019une   simple remise de cl\u00e9s \u00e0 l\u2019arriv\u00e9e des clients<\/li><\/ul>\n\n\n\n<div style=\"height:20px\" aria-hidden=\"true\" class=\"wp-block-spacer\"><\/div>\n\n\n\n<h4 class=\"wp-block-heading\"><strong>&#8230; et bien entendu notre <a href=\"https:\/\/www.mimosa.villas\/fr\/concept\/\">concept d&rsquo;assistance  Online &amp; Onsite<\/a> qui a d\u00e9montr\u00e9 son efficacit\u00e9, et nous savons combien  ceci fait toute la diff\u00e9rence !<\/strong><\/h4>\n\n\n\n<p><\/p>\n","protected":false},"excerpt":{"rendered":"<p>Pourquoi choisir Tahiti Mimosa Villas? Quels sont nos forces qui font notre diff\u00e9rence ? La satisfaction des propri\u00e9taires et des&#8230;<\/p>\n","protected":false},"author":2,"featured_media":0,"parent":0,"menu_order":0,"comment_status":"closed","ping_status":"closed","template":"","meta":{"footnotes":""},"class_list":["post-147","page","type-page","status-publish","hentry"],"yoast_head":"<!-- This site is optimized with the Yoast SEO plugin v27.4 - https:\/\/yoast.com\/product\/yoast-seo-wordpress\/ -->\n<title>Pourquoi choisir Tahiti Mimosa Villas? - Blog<\/title>\n<meta name=\"robots\" content=\"index, follow, max-snippet:-1, max-image-preview:large, max-video-preview:-1\" \/>\n<link rel=\"canonical\" href=\"https:\/\/www.mimosa.villas\/explore\/fr\/why-choosing-tahiti-mimosa-villas\/\" \/>\n<meta property=\"og:locale\" content=\"fr_FR\" \/>\n<meta property=\"og:type\" content=\"article\" \/>\n<meta property=\"og:title\" content=\"Pourquoi choisir Tahiti Mimosa Villas? - Blog\" \/>\n<meta property=\"og:description\" content=\"Pourquoi choisir Tahiti Mimosa Villas? Quels sont nos forces qui font notre diff\u00e9rence ? La satisfaction des propri\u00e9taires et des...\" \/>\n<meta property=\"og:url\" content=\"https:\/\/www.mimosa.villas\/explore\/fr\/why-choosing-tahiti-mimosa-villas\/\" \/>\n<meta property=\"og:site_name\" content=\"Blog\" \/>\n<meta property=\"article:modified_time\" content=\"2020-03-11T21:56:18+00:00\" \/>\n<meta property=\"og:image\" content=\"https:\/\/www.mimosa.villas\/explore\/wp-content\/uploads\/2019\/07\/why-choosing-mv.jpg\" \/>\n\t<meta property=\"og:image:width\" content=\"930\" \/>\n\t<meta property=\"og:image:height\" content=\"320\" \/>\n\t<meta property=\"og:image:type\" content=\"image\/jpeg\" \/>\n<meta name=\"twitter:card\" content=\"summary_large_image\" \/>\n<meta name=\"twitter:label1\" content=\"Dur\u00e9e de lecture estim\u00e9e\" \/>\n\t<meta name=\"twitter:data1\" content=\"1 minute\" \/>\n<script type=\"application\/ld+json\" class=\"yoast-schema-graph\">{\"@context\":\"https:\\\/\\\/schema.org\",\"@graph\":[{\"@type\":\"WebPage\",\"@id\":\"https:\\\/\\\/www.mimosa.villas\\\/explore\\\/fr\\\/why-choosing-tahiti-mimosa-villas\\\/\",\"url\":\"https:\\\/\\\/www.mimosa.villas\\\/explore\\\/fr\\\/why-choosing-tahiti-mimosa-villas\\\/\",\"name\":\"Pourquoi choisir Tahiti Mimosa Villas? - Blog\",\"isPartOf\":{\"@id\":\"https:\\\/\\\/www.mimosa.villas\\\/explore\\\/fr\\\/#website\"},\"primaryImageOfPage\":{\"@id\":\"https:\\\/\\\/www.mimosa.villas\\\/explore\\\/fr\\\/why-choosing-tahiti-mimosa-villas\\\/#primaryimage\"},\"image\":{\"@id\":\"https:\\\/\\\/www.mimosa.villas\\\/explore\\\/fr\\\/why-choosing-tahiti-mimosa-villas\\\/#primaryimage\"},\"thumbnailUrl\":\"http:\\\/\\\/www.mimosa.villas\\\/explore\\\/wp-content\\\/uploads\\\/2019\\\/07\\\/why-choosing-mv.jpg\",\"datePublished\":\"2019-06-22T01:06:00+00:00\",\"dateModified\":\"2020-03-11T21:56:18+00:00\",\"breadcrumb\":{\"@id\":\"https:\\\/\\\/www.mimosa.villas\\\/explore\\\/fr\\\/why-choosing-tahiti-mimosa-villas\\\/#breadcrumb\"},\"inLanguage\":\"fr-FR\",\"potentialAction\":[{\"@type\":\"ReadAction\",\"target\":[\"https:\\\/\\\/www.mimosa.villas\\\/explore\\\/fr\\\/why-choosing-tahiti-mimosa-villas\\\/\"]}]},{\"@type\":\"ImageObject\",\"inLanguage\":\"fr-FR\",\"@id\":\"https:\\\/\\\/www.mimosa.villas\\\/explore\\\/fr\\\/why-choosing-tahiti-mimosa-villas\\\/#primaryimage\",\"url\":\"http:\\\/\\\/www.mimosa.villas\\\/explore\\\/wp-content\\\/uploads\\\/2019\\\/07\\\/why-choosing-mv.jpg\",\"contentUrl\":\"http:\\\/\\\/www.mimosa.villas\\\/explore\\\/wp-content\\\/uploads\\\/2019\\\/07\\\/why-choosing-mv.jpg\"},{\"@type\":\"BreadcrumbList\",\"@id\":\"https:\\\/\\\/www.mimosa.villas\\\/explore\\\/fr\\\/why-choosing-tahiti-mimosa-villas\\\/#breadcrumb\",\"itemListElement\":[{\"@type\":\"ListItem\",\"position\":1,\"name\":\"Portada\",\"item\":\"https:\\\/\\\/www.mimosa.villas\\\/explore\\\/fr\\\/\"},{\"@type\":\"ListItem\",\"position\":2,\"name\":\"Pourquoi choisir Tahiti Mimosa Villas?\"}]},{\"@type\":\"WebSite\",\"@id\":\"https:\\\/\\\/www.mimosa.villas\\\/explore\\\/fr\\\/#website\",\"url\":\"https:\\\/\\\/www.mimosa.villas\\\/explore\\\/fr\\\/\",\"name\":\"Blog\",\"description\":\"Mimosa Villas\",\"potentialAction\":[{\"@type\":\"SearchAction\",\"target\":{\"@type\":\"EntryPoint\",\"urlTemplate\":\"https:\\\/\\\/www.mimosa.villas\\\/explore\\\/fr\\\/?s={search_term_string}\"},\"query-input\":{\"@type\":\"PropertyValueSpecification\",\"valueRequired\":true,\"valueName\":\"search_term_string\"}}],\"inLanguage\":\"fr-FR\"}]}<\/script>\n<!-- \/ Yoast SEO plugin. -->","yoast_head_json":{"title":"Pourquoi choisir Tahiti Mimosa Villas? - Blog","robots":{"index":"index","follow":"follow","max-snippet":"max-snippet:-1","max-image-preview":"max-image-preview:large","max-video-preview":"max-video-preview:-1"},"canonical":"https:\/\/www.mimosa.villas\/explore\/fr\/why-choosing-tahiti-mimosa-villas\/","og_locale":"fr_FR","og_type":"article","og_title":"Pourquoi choisir Tahiti Mimosa Villas? - Blog","og_description":"Pourquoi choisir Tahiti Mimosa Villas? Quels sont nos forces qui font notre diff\u00e9rence ? La satisfaction des propri\u00e9taires et des...","og_url":"https:\/\/www.mimosa.villas\/explore\/fr\/why-choosing-tahiti-mimosa-villas\/","og_site_name":"Blog","article_modified_time":"2020-03-11T21:56:18+00:00","og_image":[{"width":930,"height":320,"url":"https:\/\/www.mimosa.villas\/explore\/wp-content\/uploads\/2019\/07\/why-choosing-mv.jpg","type":"image\/jpeg"}],"twitter_card":"summary_large_image","twitter_misc":{"Dur\u00e9e de lecture estim\u00e9e":"1 minute"},"schema":{"@context":"https:\/\/schema.org","@graph":[{"@type":"WebPage","@id":"https:\/\/www.mimosa.villas\/explore\/fr\/why-choosing-tahiti-mimosa-villas\/","url":"https:\/\/www.mimosa.villas\/explore\/fr\/why-choosing-tahiti-mimosa-villas\/","name":"Pourquoi choisir Tahiti Mimosa Villas? - Blog","isPartOf":{"@id":"https:\/\/www.mimosa.villas\/explore\/fr\/#website"},"primaryImageOfPage":{"@id":"https:\/\/www.mimosa.villas\/explore\/fr\/why-choosing-tahiti-mimosa-villas\/#primaryimage"},"image":{"@id":"https:\/\/www.mimosa.villas\/explore\/fr\/why-choosing-tahiti-mimosa-villas\/#primaryimage"},"thumbnailUrl":"http:\/\/www.mimosa.villas\/explore\/wp-content\/uploads\/2019\/07\/why-choosing-mv.jpg","datePublished":"2019-06-22T01:06:00+00:00","dateModified":"2020-03-11T21:56:18+00:00","breadcrumb":{"@id":"https:\/\/www.mimosa.villas\/explore\/fr\/why-choosing-tahiti-mimosa-villas\/#breadcrumb"},"inLanguage":"fr-FR","potentialAction":[{"@type":"ReadAction","target":["https:\/\/www.mimosa.villas\/explore\/fr\/why-choosing-tahiti-mimosa-villas\/"]}]},{"@type":"ImageObject","inLanguage":"fr-FR","@id":"https:\/\/www.mimosa.villas\/explore\/fr\/why-choosing-tahiti-mimosa-villas\/#primaryimage","url":"http:\/\/www.mimosa.villas\/explore\/wp-content\/uploads\/2019\/07\/why-choosing-mv.jpg","contentUrl":"http:\/\/www.mimosa.villas\/explore\/wp-content\/uploads\/2019\/07\/why-choosing-mv.jpg"},{"@type":"BreadcrumbList","@id":"https:\/\/www.mimosa.villas\/explore\/fr\/why-choosing-tahiti-mimosa-villas\/#breadcrumb","itemListElement":[{"@type":"ListItem","position":1,"name":"Portada","item":"https:\/\/www.mimosa.villas\/explore\/fr\/"},{"@type":"ListItem","position":2,"name":"Pourquoi choisir Tahiti Mimosa Villas?"}]},{"@type":"WebSite","@id":"https:\/\/www.mimosa.villas\/explore\/fr\/#website","url":"https:\/\/www.mimosa.villas\/explore\/fr\/","name":"Blog","description":"Mimosa Villas","potentialAction":[{"@type":"SearchAction","target":{"@type":"EntryPoint","urlTemplate":"https:\/\/www.mimosa.villas\/explore\/fr\/?s={search_term_string}"},"query-input":{"@type":"PropertyValueSpecification","valueRequired":true,"valueName":"search_term_string"}}],"inLanguage":"fr-FR"}]}},"_links":{"self":[{"href":"https:\/\/www.mimosa.villas\/explore\/fr\/wp-json\/wp\/v2\/pages\/147","targetHints":{"allow":["GET"]}}],"collection":[{"href":"https:\/\/www.mimosa.villas\/explore\/fr\/wp-json\/wp\/v2\/pages"}],"about":[{"href":"https:\/\/www.mimosa.villas\/explore\/fr\/wp-json\/wp\/v2\/types\/page"}],"author":[{"embeddable":true,"href":"https:\/\/www.mimosa.villas\/explore\/fr\/wp-json\/wp\/v2\/users\/2"}],"replies":[{"embeddable":true,"href":"https:\/\/www.mimosa.villas\/explore\/fr\/wp-json\/wp\/v2\/comments?post=147"}],"version-history":[{"count":5,"href":"https:\/\/www.mimosa.villas\/explore\/fr\/wp-json\/wp\/v2\/pages\/147\/revisions"}],"predecessor-version":[{"id":372,"href":"https:\/\/www.mimosa.villas\/explore\/fr\/wp-json\/wp\/v2\/pages\/147\/revisions\/372"}],"wp:attachment":[{"href":"https:\/\/www.mimosa.villas\/explore\/fr\/wp-json\/wp\/v2\/media?parent=147"}],"curies":[{"name":"wp","href":"https:\/\/api.w.org\/{rel}","templated":true}]}}