{"id":135,"date":"2019-06-21T22:56:02","date_gmt":"2019-06-21T20:56:02","guid":{"rendered":"http:\/\/www.mimosa.villas\/explore\/our-passion-le-sud\/"},"modified":"2020-03-11T00:53:04","modified_gmt":"2020-03-10T23:53:04","slug":"our-passion-le-sud","status":"publish","type":"page","link":"https:\/\/www.mimosa.villas\/explore\/fr\/our-passion-le-sud\/","title":{"rendered":"Notre passion&#8230; LE SUD !"},"content":{"rendered":"\n<h2 class=\"wp-block-heading\">Notre passion\u2026 LE SUD !<\/h2>\n\n\n\n<figure class=\"wp-block-image is-resized\"><img loading=\"lazy\" decoding=\"async\" src=\"http:\/\/www.mimosa.villas\/explore\/wp-content\/uploads\/2019\/07\/notre-passion.jpg\" alt=\"\" class=\"wp-image-193\" width=\"930\" height=\"300\" srcset=\"https:\/\/www.mimosa.villas\/explore\/wp-content\/uploads\/2019\/07\/notre-passion.jpg 930w, https:\/\/www.mimosa.villas\/explore\/wp-content\/uploads\/2019\/07\/notre-passion-300x97.jpg 300w, https:\/\/www.mimosa.villas\/explore\/wp-content\/uploads\/2019\/07\/notre-passion-768x248.jpg 768w\" sizes=\"auto, (max-width: 930px) 100vw, 930px\" \/><\/figure>\n\n\n\n<h3 class=\"wp-block-heading\"><strong>Nous sommes Op\u00e9rateur de Voyages en ligne  sp\u00e9cialis\u00e9 dans les Locations de Vacances <\/strong> <\/h3>\n\n\n\n<ul class=\"wp-block-list\"><li>dans LE SUD de la France avec MIMOSA VILLAS<\/li><li>dans le Pacifique SUD avec TAHITI VILLAS, o\u00f9 nous poss\u00e9dons des Villas   plage depuis de nombreuses ann\u00e9es !<\/li><\/ul>\n\n\n\n<div class=\"wp-block-image\"><figure class=\"aligncenter is-resized\"><img loading=\"lazy\" decoding=\"async\" src=\"http:\/\/www.mimosa.villas\/explore\/wp-content\/uploads\/2019\/06\/pictos.jpg\" alt=\"\" class=\"wp-image-131\" width=\"520\" height=\"131\" srcset=\"https:\/\/www.mimosa.villas\/explore\/wp-content\/uploads\/2019\/06\/pictos.jpg 693w, https:\/\/www.mimosa.villas\/explore\/wp-content\/uploads\/2019\/06\/pictos-300x75.jpg 300w\" sizes=\"auto, (max-width: 520px) 100vw, 520px\" \/><\/figure><\/div>\n\n\n\n<p><strong><br>Notre  cocktail est simple : C&rsquo;est 25 ans de Voyages + l&rsquo;amour du soleil, du SUD, de la  mer + la passion des Technologies et de l&rsquo;organisation + l&rsquo;accueil et le service  pour plus de 200 groupes de clients par an depuis 12 ans  !<br><br><br><\/strong> &#8230; et bien entendu une parfaite  connaissance des r\u00e9gions o\u00f9 nous op\u00e9rons, des h\u00e9bergements, de nos concierges,  et des attentes des vacanciers !<\/p>\n\n\n\n<ul class=\"wp-block-list\"><li>nous r\u00e9pondons \u00e0 toutes vos demandes en 24h maximum<br><\/li><li>nous proposons les meilleures technologies en temps r\u00e9el pour une   recherche et une r\u00e9servation fluides<br><\/li><li>nous organisons un appel t\u00e9l\u00e9phonique si besoin (parfois plus simple et   efficace !)<br><\/li><li>nous vivons et travaillons dans le secteur du e-tourisme depuis 12   ans<br><\/li><li>nous connaissons toutes les r\u00e9gions propos\u00e9es, leurs sp\u00e9cificit\u00e9s, et   aussi toutes les petites astuces les concernant \ud83d\ude42<br><\/li><li>nous organisons votre s\u00e9jour, g\u00e9rons les d\u00e9tails, et sommes en liaison   permanente avec notre concierge qui vous accueille et vous assiste sur   place<br><\/li><li>nous sommes \u00e0 l&rsquo;\u00e9coute permanente des besoins des vacanciers et de leurs   appr\u00e9ciations &amp; commentaires post-voyage<\/li><\/ul>\n\n\n\n<h3 class=\"wp-block-heading\">Denis Laxenaire<\/h3>\n\n\n\n<p>Denis est fan de voile, bilingue anglais, et dipl\u00f4m\u00e9  d&rsquo;Expertise Comptable. Il est sp\u00e9cialis\u00e9 en conduite de projets web et  particuli\u00e8rement dans les services d&rsquo;innovations en Saas sur le Cloud, et est \u00e0  l&rsquo;origine de la cr\u00e9ation du portail t\u00e9l\u00e9d\u00e9claratif de l\u2019ordre des  experts-comptables. Denis est \u00e9galement un grand amoureux et connaisseur des  \u00eeles, il poss\u00e8de depuis 12 ans des h\u00e9bergements sur l&rsquo;\u00eele de Moorea en face de  Tahiti, pour lesquels il a d\u00e9velopp\u00e9 TAHITI VILLAS pour une client\u00e8le  internationale habitu\u00e9e \u00e0 voyager, friande de conseils avant le s\u00e9jour, et qui  souhaite b\u00e9n\u00e9ficier sur place d&rsquo;une assistance et de services \u00e0 la  carte.<\/p>\n\n\n\n<h3 class=\"wp-block-heading\">David Cohen\t<\/h3>\n\n\n\n<p>David est issu  d\u2019une \u00e9cole de commerce et a v\u00e9cu \u00e0 Paris plusieurs ann\u00e9es avant de s\u2019installer  dans le sud de la France. Passionn\u00e9 de voyages, de tennis et de cultures, il a  travaill\u00e9 pendant plus de 6 ans chez HOMEAWAY-ABRITEL un des leaders du march\u00e9  de la location de vacances. David y \u00e9tait en charge de grands comptes d&rsquo;agences  immobili\u00e8res et de gestionnaires qui g\u00e8rent des dizaines d&rsquo;h\u00e9bergements. Il  connait donc particuli\u00e8rement bien ce secteur, ses contraintes, son mode de  fonctionnement, et a ainsi pu tisser des contacts \u00e9troits avec de nombreux  propri\u00e9taires et concierges, ainsi qu&rsquo;avec beaucoup de professionnels du  tourisme.<\/p>\n\n\n\n<h3 class=\"wp-block-heading\">Alix Desmarchelier<\/h3>\n\n\n\n<p>Alix est une artiste aux  multiples talents dot\u00e9e d&rsquo;un sens aigu du d\u00e9tail et de l&rsquo;accueil. Elle connait  parfaitement le secteur touristique dans toutes les \u00eeles depuis 8 ans d\u00e9j\u00e0 !  V\u00e9ritable chef d&rsquo;orchestre, elle g\u00e8re une multitude de missions au quotidien qui  vont de la ma\u00eetrise des bases de donn\u00e9es et de Photoshop \u00e0 la composition de  merveilleux bouquets de fleurs tropicales !!! Elle passe en permanence du  virtuel au monde r\u00e9el, sachant parfaitement marier Internet et art de vivre.<\/p>\n\n\n\n<div style=\"height:20px\" aria-hidden=\"true\" class=\"wp-block-spacer\"><\/div>\n\n\n\n<h4 class=\"wp-block-heading\"> Denis, David et Alix partagent la m\u00eame passion du service et des vacances  r\u00e9ussies \ud83d\ude42 <\/h4>\n\n\n\n<p><\/p>\n","protected":false},"excerpt":{"rendered":"<p>Notre passion\u2026 LE SUD ! Nous sommes Op\u00e9rateur de Voyages en ligne sp\u00e9cialis\u00e9 dans les Locations de Vacances dans LE&#8230;<\/p>\n","protected":false},"author":2,"featured_media":0,"parent":0,"menu_order":0,"comment_status":"closed","ping_status":"closed","template":"","meta":{"footnotes":""},"class_list":["post-135","page","type-page","status-publish","hentry"],"yoast_head":"<!-- This site is optimized with the Yoast SEO plugin v27.4 - https:\/\/yoast.com\/product\/yoast-seo-wordpress\/ -->\n<title>Notre passion... LE SUD ! - Blog<\/title>\n<meta name=\"robots\" content=\"index, follow, max-snippet:-1, max-image-preview:large, max-video-preview:-1\" \/>\n<link rel=\"canonical\" href=\"https:\/\/www.mimosa.villas\/explore\/fr\/our-passion-le-sud\/\" \/>\n<meta property=\"og:locale\" content=\"fr_FR\" \/>\n<meta property=\"og:type\" content=\"article\" \/>\n<meta property=\"og:title\" content=\"Notre passion... LE SUD ! - Blog\" \/>\n<meta property=\"og:description\" content=\"Notre passion\u2026 LE SUD ! Nous sommes Op\u00e9rateur de Voyages en ligne sp\u00e9cialis\u00e9 dans les Locations de Vacances dans LE...\" \/>\n<meta property=\"og:url\" content=\"https:\/\/www.mimosa.villas\/explore\/fr\/our-passion-le-sud\/\" \/>\n<meta property=\"og:site_name\" content=\"Blog\" \/>\n<meta property=\"article:modified_time\" content=\"2020-03-10T23:53:04+00:00\" \/>\n<meta property=\"og:image\" content=\"https:\/\/www.mimosa.villas\/explore\/wp-content\/uploads\/2019\/07\/notre-passion.jpg\" \/>\n\t<meta property=\"og:image:width\" content=\"930\" \/>\n\t<meta property=\"og:image:height\" content=\"300\" \/>\n\t<meta property=\"og:image:type\" content=\"image\/jpeg\" \/>\n<meta name=\"twitter:card\" content=\"summary_large_image\" \/>\n<meta name=\"twitter:label1\" content=\"Dur\u00e9e de lecture estim\u00e9e\" \/>\n\t<meta name=\"twitter:data1\" content=\"3 minutes\" \/>\n<script type=\"application\/ld+json\" class=\"yoast-schema-graph\">{\"@context\":\"https:\\\/\\\/schema.org\",\"@graph\":[{\"@type\":\"WebPage\",\"@id\":\"https:\\\/\\\/www.mimosa.villas\\\/explore\\\/fr\\\/our-passion-le-sud\\\/\",\"url\":\"https:\\\/\\\/www.mimosa.villas\\\/explore\\\/fr\\\/our-passion-le-sud\\\/\",\"name\":\"Notre passion... LE SUD ! - Blog\",\"isPartOf\":{\"@id\":\"https:\\\/\\\/www.mimosa.villas\\\/explore\\\/fr\\\/#website\"},\"primaryImageOfPage\":{\"@id\":\"https:\\\/\\\/www.mimosa.villas\\\/explore\\\/fr\\\/our-passion-le-sud\\\/#primaryimage\"},\"image\":{\"@id\":\"https:\\\/\\\/www.mimosa.villas\\\/explore\\\/fr\\\/our-passion-le-sud\\\/#primaryimage\"},\"thumbnailUrl\":\"http:\\\/\\\/www.mimosa.villas\\\/explore\\\/wp-content\\\/uploads\\\/2019\\\/07\\\/notre-passion.jpg\",\"datePublished\":\"2019-06-21T20:56:02+00:00\",\"dateModified\":\"2020-03-10T23:53:04+00:00\",\"breadcrumb\":{\"@id\":\"https:\\\/\\\/www.mimosa.villas\\\/explore\\\/fr\\\/our-passion-le-sud\\\/#breadcrumb\"},\"inLanguage\":\"fr-FR\",\"potentialAction\":[{\"@type\":\"ReadAction\",\"target\":[\"https:\\\/\\\/www.mimosa.villas\\\/explore\\\/fr\\\/our-passion-le-sud\\\/\"]}]},{\"@type\":\"ImageObject\",\"inLanguage\":\"fr-FR\",\"@id\":\"https:\\\/\\\/www.mimosa.villas\\\/explore\\\/fr\\\/our-passion-le-sud\\\/#primaryimage\",\"url\":\"http:\\\/\\\/www.mimosa.villas\\\/explore\\\/wp-content\\\/uploads\\\/2019\\\/07\\\/notre-passion.jpg\",\"contentUrl\":\"http:\\\/\\\/www.mimosa.villas\\\/explore\\\/wp-content\\\/uploads\\\/2019\\\/07\\\/notre-passion.jpg\"},{\"@type\":\"BreadcrumbList\",\"@id\":\"https:\\\/\\\/www.mimosa.villas\\\/explore\\\/fr\\\/our-passion-le-sud\\\/#breadcrumb\",\"itemListElement\":[{\"@type\":\"ListItem\",\"position\":1,\"name\":\"Portada\",\"item\":\"https:\\\/\\\/www.mimosa.villas\\\/explore\\\/fr\\\/\"},{\"@type\":\"ListItem\",\"position\":2,\"name\":\"Notre passion&#8230; LE SUD !\"}]},{\"@type\":\"WebSite\",\"@id\":\"https:\\\/\\\/www.mimosa.villas\\\/explore\\\/fr\\\/#website\",\"url\":\"https:\\\/\\\/www.mimosa.villas\\\/explore\\\/fr\\\/\",\"name\":\"Blog\",\"description\":\"Mimosa Villas\",\"potentialAction\":[{\"@type\":\"SearchAction\",\"target\":{\"@type\":\"EntryPoint\",\"urlTemplate\":\"https:\\\/\\\/www.mimosa.villas\\\/explore\\\/fr\\\/?s={search_term_string}\"},\"query-input\":{\"@type\":\"PropertyValueSpecification\",\"valueRequired\":true,\"valueName\":\"search_term_string\"}}],\"inLanguage\":\"fr-FR\"}]}<\/script>\n<!-- \/ Yoast SEO plugin. -->","yoast_head_json":{"title":"Notre passion... LE SUD ! - Blog","robots":{"index":"index","follow":"follow","max-snippet":"max-snippet:-1","max-image-preview":"max-image-preview:large","max-video-preview":"max-video-preview:-1"},"canonical":"https:\/\/www.mimosa.villas\/explore\/fr\/our-passion-le-sud\/","og_locale":"fr_FR","og_type":"article","og_title":"Notre passion... LE SUD ! - Blog","og_description":"Notre passion\u2026 LE SUD ! Nous sommes Op\u00e9rateur de Voyages en ligne sp\u00e9cialis\u00e9 dans les Locations de Vacances dans LE...","og_url":"https:\/\/www.mimosa.villas\/explore\/fr\/our-passion-le-sud\/","og_site_name":"Blog","article_modified_time":"2020-03-10T23:53:04+00:00","og_image":[{"width":930,"height":300,"url":"https:\/\/www.mimosa.villas\/explore\/wp-content\/uploads\/2019\/07\/notre-passion.jpg","type":"image\/jpeg"}],"twitter_card":"summary_large_image","twitter_misc":{"Dur\u00e9e de lecture estim\u00e9e":"3 minutes"},"schema":{"@context":"https:\/\/schema.org","@graph":[{"@type":"WebPage","@id":"https:\/\/www.mimosa.villas\/explore\/fr\/our-passion-le-sud\/","url":"https:\/\/www.mimosa.villas\/explore\/fr\/our-passion-le-sud\/","name":"Notre passion... LE SUD ! - Blog","isPartOf":{"@id":"https:\/\/www.mimosa.villas\/explore\/fr\/#website"},"primaryImageOfPage":{"@id":"https:\/\/www.mimosa.villas\/explore\/fr\/our-passion-le-sud\/#primaryimage"},"image":{"@id":"https:\/\/www.mimosa.villas\/explore\/fr\/our-passion-le-sud\/#primaryimage"},"thumbnailUrl":"http:\/\/www.mimosa.villas\/explore\/wp-content\/uploads\/2019\/07\/notre-passion.jpg","datePublished":"2019-06-21T20:56:02+00:00","dateModified":"2020-03-10T23:53:04+00:00","breadcrumb":{"@id":"https:\/\/www.mimosa.villas\/explore\/fr\/our-passion-le-sud\/#breadcrumb"},"inLanguage":"fr-FR","potentialAction":[{"@type":"ReadAction","target":["https:\/\/www.mimosa.villas\/explore\/fr\/our-passion-le-sud\/"]}]},{"@type":"ImageObject","inLanguage":"fr-FR","@id":"https:\/\/www.mimosa.villas\/explore\/fr\/our-passion-le-sud\/#primaryimage","url":"http:\/\/www.mimosa.villas\/explore\/wp-content\/uploads\/2019\/07\/notre-passion.jpg","contentUrl":"http:\/\/www.mimosa.villas\/explore\/wp-content\/uploads\/2019\/07\/notre-passion.jpg"},{"@type":"BreadcrumbList","@id":"https:\/\/www.mimosa.villas\/explore\/fr\/our-passion-le-sud\/#breadcrumb","itemListElement":[{"@type":"ListItem","position":1,"name":"Portada","item":"https:\/\/www.mimosa.villas\/explore\/fr\/"},{"@type":"ListItem","position":2,"name":"Notre passion&#8230; LE SUD !"}]},{"@type":"WebSite","@id":"https:\/\/www.mimosa.villas\/explore\/fr\/#website","url":"https:\/\/www.mimosa.villas\/explore\/fr\/","name":"Blog","description":"Mimosa Villas","potentialAction":[{"@type":"SearchAction","target":{"@type":"EntryPoint","urlTemplate":"https:\/\/www.mimosa.villas\/explore\/fr\/?s={search_term_string}"},"query-input":{"@type":"PropertyValueSpecification","valueRequired":true,"valueName":"search_term_string"}}],"inLanguage":"fr-FR"}]}},"_links":{"self":[{"href":"https:\/\/www.mimosa.villas\/explore\/fr\/wp-json\/wp\/v2\/pages\/135","targetHints":{"allow":["GET"]}}],"collection":[{"href":"https:\/\/www.mimosa.villas\/explore\/fr\/wp-json\/wp\/v2\/pages"}],"about":[{"href":"https:\/\/www.mimosa.villas\/explore\/fr\/wp-json\/wp\/v2\/types\/page"}],"author":[{"embeddable":true,"href":"https:\/\/www.mimosa.villas\/explore\/fr\/wp-json\/wp\/v2\/users\/2"}],"replies":[{"embeddable":true,"href":"https:\/\/www.mimosa.villas\/explore\/fr\/wp-json\/wp\/v2\/comments?post=135"}],"version-history":[{"count":5,"href":"https:\/\/www.mimosa.villas\/explore\/fr\/wp-json\/wp\/v2\/pages\/135\/revisions"}],"predecessor-version":[{"id":353,"href":"https:\/\/www.mimosa.villas\/explore\/fr\/wp-json\/wp\/v2\/pages\/135\/revisions\/353"}],"wp:attachment":[{"href":"https:\/\/www.mimosa.villas\/explore\/fr\/wp-json\/wp\/v2\/media?parent=135"}],"curies":[{"name":"wp","href":"https:\/\/api.w.org\/{rel}","templated":true}]}}