{"id":115,"date":"2019-06-21T22:15:35","date_gmt":"2019-06-21T20:15:35","guid":{"rendered":"http:\/\/www.mimosa.villas\/explore\/flights-trains-roads\/"},"modified":"2020-03-11T00:59:25","modified_gmt":"2020-03-10T23:59:25","slug":"flights-trains-roads","status":"publish","type":"page","link":"https:\/\/www.mimosa.villas\/explore\/fr\/flights-trains-roads\/","title":{"rendered":"Vols, trains, routes"},"content":{"rendered":"\n<h2 class=\"wp-block-heading\">Vols, trains, routes<\/h2>\n\n\n\n<h3 class=\"wp-block-heading\">Se rendre sur la c\u00f4te d&rsquo;Azur\t<\/h3>\n\n\n\n<div class=\"wp-block-image\"><figure class=\"alignleft\"><img loading=\"lazy\" decoding=\"async\" width=\"150\" height=\"150\" src=\"http:\/\/www.mimosa.villas\/explore\/wp-content\/uploads\/2019\/07\/avion-turquoise.jpg\" alt=\"\" class=\"wp-image-212\"\/><\/figure><\/div>\n\n\n\n<p><strong>L&rsquo;a\u00e9roport de Nice<\/strong> (code NCE) est le  3e a\u00e9roport de France avec 13 millions de passagers, il est desservi  quotidiennement par de nombreux vols depuis Paris (1h20 de vol), depuis les  autres r\u00e9gions de France ainsi que par de nombreux vols directs en provenance  d&rsquo;Europe et de destinations internationales.<br><br><strong>Le TGV<\/strong> (Train \u00e0 Grande Vitesse) relie quotidiennement Paris \u00e0 Marseille, Cannes et  Nice. Environ 6 heures de train pour Paris &gt; Nice.<br><br><strong>Les  autoroutes A6 \/ A7 \/ A8<\/strong> relient Paris \u00e0 Lyon, Marseille, puis Cannes et  Nice. Compter 8 \u00e0 9 heures de route pour Paris &gt;  Nice<br><br><strong>Transferts<br><\/strong> Nous serons heureux d&rsquo;organiser vos  transferts depuis l&rsquo;a\u00e9roport de Nice ou depuis les gares TGV de la r\u00e9gion.  <\/p>\n\n\n\n<div class=\"wp-block-image\"><figure class=\"aligncenter\"><img loading=\"lazy\" decoding=\"async\" width=\"400\" height=\"266\" src=\"https:\/\/www.mimosa.villas\/explore\/wp-content\/uploads\/2019\/06\/nice-aeroport.jpg\" alt=\"\" class=\"wp-image-112\" srcset=\"https:\/\/www.mimosa.villas\/explore\/wp-content\/uploads\/2019\/06\/nice-aeroport.jpg 400w, https:\/\/www.mimosa.villas\/explore\/wp-content\/uploads\/2019\/06\/nice-aeroport-300x200.jpg 300w\" sizes=\"auto, (max-width: 400px) 100vw, 400px\" \/><\/figure><\/div>\n","protected":false},"excerpt":{"rendered":"<p>Vols, trains, routes Se rendre sur la c\u00f4te d&rsquo;Azur L&rsquo;a\u00e9roport de Nice (code NCE) est le 3e a\u00e9roport de France&#8230;<\/p>\n","protected":false},"author":2,"featured_media":0,"parent":0,"menu_order":0,"comment_status":"closed","ping_status":"closed","template":"","meta":{"footnotes":""},"class_list":["post-115","page","type-page","status-publish","hentry"],"yoast_head":"<!-- This site is optimized with the Yoast SEO plugin v27.4 - https:\/\/yoast.com\/product\/yoast-seo-wordpress\/ -->\n<title>Vols, trains, routes - Blog<\/title>\n<meta name=\"robots\" content=\"index, follow, max-snippet:-1, max-image-preview:large, max-video-preview:-1\" \/>\n<link rel=\"canonical\" href=\"https:\/\/www.mimosa.villas\/explore\/fr\/flights-trains-roads\/\" \/>\n<meta property=\"og:locale\" content=\"fr_FR\" \/>\n<meta property=\"og:type\" content=\"article\" \/>\n<meta property=\"og:title\" content=\"Vols, trains, routes - Blog\" \/>\n<meta property=\"og:description\" content=\"Vols, trains, routes Se rendre sur la c\u00f4te d&rsquo;Azur L&rsquo;a\u00e9roport de Nice (code NCE) est le 3e a\u00e9roport de France...\" \/>\n<meta property=\"og:url\" content=\"https:\/\/www.mimosa.villas\/explore\/fr\/flights-trains-roads\/\" \/>\n<meta property=\"og:site_name\" content=\"Blog\" \/>\n<meta property=\"article:modified_time\" content=\"2020-03-10T23:59:25+00:00\" \/>\n<meta property=\"og:image\" content=\"https:\/\/www.mimosa.villas\/explore\/wp-content\/uploads\/2019\/07\/avion-turquoise.jpg\" \/>\n\t<meta property=\"og:image:width\" content=\"150\" \/>\n\t<meta property=\"og:image:height\" content=\"150\" \/>\n\t<meta property=\"og:image:type\" content=\"image\/jpeg\" \/>\n<meta name=\"twitter:card\" content=\"summary_large_image\" \/>\n<meta name=\"twitter:label1\" content=\"Dur\u00e9e de lecture estim\u00e9e\" \/>\n\t<meta name=\"twitter:data1\" content=\"1 minute\" \/>\n<script type=\"application\/ld+json\" class=\"yoast-schema-graph\">{\"@context\":\"https:\\\/\\\/schema.org\",\"@graph\":[{\"@type\":\"WebPage\",\"@id\":\"https:\\\/\\\/www.mimosa.villas\\\/explore\\\/fr\\\/flights-trains-roads\\\/\",\"url\":\"https:\\\/\\\/www.mimosa.villas\\\/explore\\\/fr\\\/flights-trains-roads\\\/\",\"name\":\"Vols, trains, routes - Blog\",\"isPartOf\":{\"@id\":\"https:\\\/\\\/www.mimosa.villas\\\/explore\\\/fr\\\/#website\"},\"primaryImageOfPage\":{\"@id\":\"https:\\\/\\\/www.mimosa.villas\\\/explore\\\/fr\\\/flights-trains-roads\\\/#primaryimage\"},\"image\":{\"@id\":\"https:\\\/\\\/www.mimosa.villas\\\/explore\\\/fr\\\/flights-trains-roads\\\/#primaryimage\"},\"thumbnailUrl\":\"http:\\\/\\\/www.mimosa.villas\\\/explore\\\/wp-content\\\/uploads\\\/2019\\\/07\\\/avion-turquoise.jpg\",\"datePublished\":\"2019-06-21T20:15:35+00:00\",\"dateModified\":\"2020-03-10T23:59:25+00:00\",\"breadcrumb\":{\"@id\":\"https:\\\/\\\/www.mimosa.villas\\\/explore\\\/fr\\\/flights-trains-roads\\\/#breadcrumb\"},\"inLanguage\":\"fr-FR\",\"potentialAction\":[{\"@type\":\"ReadAction\",\"target\":[\"https:\\\/\\\/www.mimosa.villas\\\/explore\\\/fr\\\/flights-trains-roads\\\/\"]}]},{\"@type\":\"ImageObject\",\"inLanguage\":\"fr-FR\",\"@id\":\"https:\\\/\\\/www.mimosa.villas\\\/explore\\\/fr\\\/flights-trains-roads\\\/#primaryimage\",\"url\":\"http:\\\/\\\/www.mimosa.villas\\\/explore\\\/wp-content\\\/uploads\\\/2019\\\/07\\\/avion-turquoise.jpg\",\"contentUrl\":\"http:\\\/\\\/www.mimosa.villas\\\/explore\\\/wp-content\\\/uploads\\\/2019\\\/07\\\/avion-turquoise.jpg\"},{\"@type\":\"BreadcrumbList\",\"@id\":\"https:\\\/\\\/www.mimosa.villas\\\/explore\\\/fr\\\/flights-trains-roads\\\/#breadcrumb\",\"itemListElement\":[{\"@type\":\"ListItem\",\"position\":1,\"name\":\"Portada\",\"item\":\"https:\\\/\\\/www.mimosa.villas\\\/explore\\\/fr\\\/\"},{\"@type\":\"ListItem\",\"position\":2,\"name\":\"Vols, trains, routes\"}]},{\"@type\":\"WebSite\",\"@id\":\"https:\\\/\\\/www.mimosa.villas\\\/explore\\\/fr\\\/#website\",\"url\":\"https:\\\/\\\/www.mimosa.villas\\\/explore\\\/fr\\\/\",\"name\":\"Blog\",\"description\":\"Mimosa Villas\",\"potentialAction\":[{\"@type\":\"SearchAction\",\"target\":{\"@type\":\"EntryPoint\",\"urlTemplate\":\"https:\\\/\\\/www.mimosa.villas\\\/explore\\\/fr\\\/?s={search_term_string}\"},\"query-input\":{\"@type\":\"PropertyValueSpecification\",\"valueRequired\":true,\"valueName\":\"search_term_string\"}}],\"inLanguage\":\"fr-FR\"}]}<\/script>\n<!-- \/ Yoast SEO plugin. -->","yoast_head_json":{"title":"Vols, trains, routes - Blog","robots":{"index":"index","follow":"follow","max-snippet":"max-snippet:-1","max-image-preview":"max-image-preview:large","max-video-preview":"max-video-preview:-1"},"canonical":"https:\/\/www.mimosa.villas\/explore\/fr\/flights-trains-roads\/","og_locale":"fr_FR","og_type":"article","og_title":"Vols, trains, routes - Blog","og_description":"Vols, trains, routes Se rendre sur la c\u00f4te d&rsquo;Azur L&rsquo;a\u00e9roport de Nice (code NCE) est le 3e a\u00e9roport de France...","og_url":"https:\/\/www.mimosa.villas\/explore\/fr\/flights-trains-roads\/","og_site_name":"Blog","article_modified_time":"2020-03-10T23:59:25+00:00","og_image":[{"width":150,"height":150,"url":"https:\/\/www.mimosa.villas\/explore\/wp-content\/uploads\/2019\/07\/avion-turquoise.jpg","type":"image\/jpeg"}],"twitter_card":"summary_large_image","twitter_misc":{"Dur\u00e9e de lecture estim\u00e9e":"1 minute"},"schema":{"@context":"https:\/\/schema.org","@graph":[{"@type":"WebPage","@id":"https:\/\/www.mimosa.villas\/explore\/fr\/flights-trains-roads\/","url":"https:\/\/www.mimosa.villas\/explore\/fr\/flights-trains-roads\/","name":"Vols, trains, routes - Blog","isPartOf":{"@id":"https:\/\/www.mimosa.villas\/explore\/fr\/#website"},"primaryImageOfPage":{"@id":"https:\/\/www.mimosa.villas\/explore\/fr\/flights-trains-roads\/#primaryimage"},"image":{"@id":"https:\/\/www.mimosa.villas\/explore\/fr\/flights-trains-roads\/#primaryimage"},"thumbnailUrl":"http:\/\/www.mimosa.villas\/explore\/wp-content\/uploads\/2019\/07\/avion-turquoise.jpg","datePublished":"2019-06-21T20:15:35+00:00","dateModified":"2020-03-10T23:59:25+00:00","breadcrumb":{"@id":"https:\/\/www.mimosa.villas\/explore\/fr\/flights-trains-roads\/#breadcrumb"},"inLanguage":"fr-FR","potentialAction":[{"@type":"ReadAction","target":["https:\/\/www.mimosa.villas\/explore\/fr\/flights-trains-roads\/"]}]},{"@type":"ImageObject","inLanguage":"fr-FR","@id":"https:\/\/www.mimosa.villas\/explore\/fr\/flights-trains-roads\/#primaryimage","url":"http:\/\/www.mimosa.villas\/explore\/wp-content\/uploads\/2019\/07\/avion-turquoise.jpg","contentUrl":"http:\/\/www.mimosa.villas\/explore\/wp-content\/uploads\/2019\/07\/avion-turquoise.jpg"},{"@type":"BreadcrumbList","@id":"https:\/\/www.mimosa.villas\/explore\/fr\/flights-trains-roads\/#breadcrumb","itemListElement":[{"@type":"ListItem","position":1,"name":"Portada","item":"https:\/\/www.mimosa.villas\/explore\/fr\/"},{"@type":"ListItem","position":2,"name":"Vols, trains, routes"}]},{"@type":"WebSite","@id":"https:\/\/www.mimosa.villas\/explore\/fr\/#website","url":"https:\/\/www.mimosa.villas\/explore\/fr\/","name":"Blog","description":"Mimosa Villas","potentialAction":[{"@type":"SearchAction","target":{"@type":"EntryPoint","urlTemplate":"https:\/\/www.mimosa.villas\/explore\/fr\/?s={search_term_string}"},"query-input":{"@type":"PropertyValueSpecification","valueRequired":true,"valueName":"search_term_string"}}],"inLanguage":"fr-FR"}]}},"_links":{"self":[{"href":"https:\/\/www.mimosa.villas\/explore\/fr\/wp-json\/wp\/v2\/pages\/115","targetHints":{"allow":["GET"]}}],"collection":[{"href":"https:\/\/www.mimosa.villas\/explore\/fr\/wp-json\/wp\/v2\/pages"}],"about":[{"href":"https:\/\/www.mimosa.villas\/explore\/fr\/wp-json\/wp\/v2\/types\/page"}],"author":[{"embeddable":true,"href":"https:\/\/www.mimosa.villas\/explore\/fr\/wp-json\/wp\/v2\/users\/2"}],"replies":[{"embeddable":true,"href":"https:\/\/www.mimosa.villas\/explore\/fr\/wp-json\/wp\/v2\/comments?post=115"}],"version-history":[{"count":8,"href":"https:\/\/www.mimosa.villas\/explore\/fr\/wp-json\/wp\/v2\/pages\/115\/revisions"}],"predecessor-version":[{"id":359,"href":"https:\/\/www.mimosa.villas\/explore\/fr\/wp-json\/wp\/v2\/pages\/115\/revisions\/359"}],"wp:attachment":[{"href":"https:\/\/www.mimosa.villas\/explore\/fr\/wp-json\/wp\/v2\/media?parent=115"}],"curies":[{"name":"wp","href":"https:\/\/api.w.org\/{rel}","templated":true}]}}