{"id":109,"date":"2019-06-21T22:06:21","date_gmt":"2019-06-21T20:06:21","guid":{"rendered":"http:\/\/www.mimosa.villas\/explore\/why-the-french-riviera\/"},"modified":"2020-03-11T00:55:56","modified_gmt":"2020-03-10T23:55:56","slug":"why-the-french-riviera","status":"publish","type":"page","link":"https:\/\/www.mimosa.villas\/explore\/fr\/why-the-french-riviera\/","title":{"rendered":"Pourquoi la c\u00f4te d&rsquo;Azur?"},"content":{"rendered":"\n<h2 class=\"wp-block-heading\">Pourquoi la c\u00f4te d&rsquo;Azur?<\/h2>\n\n\n\n<figure class=\"wp-block-image\"><img loading=\"lazy\" decoding=\"async\" width=\"930\" height=\"330\" src=\"http:\/\/www.mimosa.villas\/explore\/wp-content\/uploads\/2019\/07\/French-Riviera4.jpg\" alt=\"\" class=\"wp-image-262\" srcset=\"https:\/\/www.mimosa.villas\/explore\/wp-content\/uploads\/2019\/07\/French-Riviera4.jpg 930w, https:\/\/www.mimosa.villas\/explore\/wp-content\/uploads\/2019\/07\/French-Riviera4-300x106.jpg 300w, https:\/\/www.mimosa.villas\/explore\/wp-content\/uploads\/2019\/07\/French-Riviera4-768x273.jpg 768w\" sizes=\"auto, (max-width: 930px) 100vw, 930px\" \/><\/figure>\n\n\n\n<h3 class=\"wp-block-heading\">La France est le premier pays touristique du  monde<\/h3>\n\n\n\n<h3 class=\"wp-block-heading\">Apr\u00e8s Paris, la c\u00f4te d&rsquo;Azur est la r\u00e9gion la plus visit\u00e9e de  France\t\t\t <\/h3>\n\n\n\n<div class=\"wp-block-image\"><figure class=\"alignleft is-resized\"><img loading=\"lazy\" decoding=\"async\" src=\"https:\/\/www.mimosa.villas\/explore\/wp-content\/uploads\/2019\/06\/terre-grise.jpg\" alt=\"\" class=\"wp-image-106\" width=\"150\" height=\"150\" srcset=\"https:\/\/www.mimosa.villas\/explore\/wp-content\/uploads\/2019\/06\/terre-grise.jpg 300w, https:\/\/www.mimosa.villas\/explore\/wp-content\/uploads\/2019\/06\/terre-grise-150x150.jpg 150w\" sizes=\"auto, (max-width: 150px) 100vw, 150px\" \/><\/figure><\/div>\n\n\n\n<p>Premi\u00e8re destination touristique mondiale depuis des  ann\u00e9es, la France accueille chaque ann\u00e9e environ 87 millions de touristes.  <strong>En dehors de l&rsquo;incontournable capitale Parisienne, c&rsquo;est la c\u00f4te d&rsquo;Azur  qui est la r\u00e9gion la plus visit\u00e9e de France.<\/strong><br><br><strong>Entre la  mer m\u00e9diterran\u00e9e et la montagne, la C\u00f4te d\u2019Azur est une terre aux paysages  contrast\u00e9s depuis ses villes de Nice et Cannes connues dans le monde entier  !<\/strong> La beaut\u00e9 de ses plages et le luxe de ses palaces, le climat et la  douceur de vivre, la culture et la cuisine m\u00e9diterran\u00e9enne, le rayonnement de  ses festivals et la c\u00e9l\u00e9brit\u00e9 de ses artistes forment un harmonieux \u00e9quilibre  avec les vall\u00e9es vertes des montagnes de l&rsquo;arri\u00e8re pays, les toits rouges des  <strong>vieux villages perch\u00e9s comme Saint Paul de Vence, Mougins, Eze, et  partout le jaune des mimosas en fleur\u2026 v\u00e9ritable symbole de la r\u00e9gion.<\/strong> <\/p>\n","protected":false},"excerpt":{"rendered":"<p>Pourquoi la c\u00f4te d&rsquo;Azur? La France est le premier pays touristique du monde Apr\u00e8s Paris, la c\u00f4te d&rsquo;Azur est la&#8230;<\/p>\n","protected":false},"author":2,"featured_media":0,"parent":0,"menu_order":0,"comment_status":"closed","ping_status":"closed","template":"","meta":{"footnotes":""},"class_list":["post-109","page","type-page","status-publish","hentry"],"yoast_head":"<!-- This site is optimized with the Yoast SEO plugin v27.4 - https:\/\/yoast.com\/product\/yoast-seo-wordpress\/ -->\n<title>Pourquoi la c\u00f4te d&#039;Azur? - Blog<\/title>\n<meta name=\"robots\" content=\"index, follow, max-snippet:-1, max-image-preview:large, max-video-preview:-1\" \/>\n<link rel=\"canonical\" href=\"https:\/\/www.mimosa.villas\/explore\/fr\/why-the-french-riviera\/\" \/>\n<meta property=\"og:locale\" content=\"fr_FR\" \/>\n<meta property=\"og:type\" content=\"article\" \/>\n<meta property=\"og:title\" content=\"Pourquoi la c\u00f4te d&#039;Azur? - Blog\" \/>\n<meta property=\"og:description\" content=\"Pourquoi la c\u00f4te d&rsquo;Azur? La France est le premier pays touristique du monde Apr\u00e8s Paris, la c\u00f4te d&rsquo;Azur est la...\" \/>\n<meta property=\"og:url\" content=\"https:\/\/www.mimosa.villas\/explore\/fr\/why-the-french-riviera\/\" \/>\n<meta property=\"og:site_name\" content=\"Blog\" \/>\n<meta property=\"article:modified_time\" content=\"2020-03-10T23:55:56+00:00\" \/>\n<meta property=\"og:image\" content=\"https:\/\/www.mimosa.villas\/explore\/wp-content\/uploads\/2019\/07\/French-Riviera4.jpg\" \/>\n\t<meta property=\"og:image:width\" content=\"930\" \/>\n\t<meta property=\"og:image:height\" content=\"330\" \/>\n\t<meta property=\"og:image:type\" content=\"image\/jpeg\" \/>\n<meta name=\"twitter:card\" content=\"summary_large_image\" \/>\n<meta name=\"twitter:label1\" content=\"Dur\u00e9e de lecture estim\u00e9e\" \/>\n\t<meta name=\"twitter:data1\" content=\"1 minute\" \/>\n<script type=\"application\/ld+json\" class=\"yoast-schema-graph\">{\"@context\":\"https:\\\/\\\/schema.org\",\"@graph\":[{\"@type\":\"WebPage\",\"@id\":\"https:\\\/\\\/www.mimosa.villas\\\/explore\\\/fr\\\/why-the-french-riviera\\\/\",\"url\":\"https:\\\/\\\/www.mimosa.villas\\\/explore\\\/fr\\\/why-the-french-riviera\\\/\",\"name\":\"Pourquoi la c\u00f4te d'Azur? - Blog\",\"isPartOf\":{\"@id\":\"https:\\\/\\\/www.mimosa.villas\\\/explore\\\/fr\\\/#website\"},\"primaryImageOfPage\":{\"@id\":\"https:\\\/\\\/www.mimosa.villas\\\/explore\\\/fr\\\/why-the-french-riviera\\\/#primaryimage\"},\"image\":{\"@id\":\"https:\\\/\\\/www.mimosa.villas\\\/explore\\\/fr\\\/why-the-french-riviera\\\/#primaryimage\"},\"thumbnailUrl\":\"http:\\\/\\\/www.mimosa.villas\\\/explore\\\/wp-content\\\/uploads\\\/2019\\\/07\\\/French-Riviera4.jpg\",\"datePublished\":\"2019-06-21T20:06:21+00:00\",\"dateModified\":\"2020-03-10T23:55:56+00:00\",\"breadcrumb\":{\"@id\":\"https:\\\/\\\/www.mimosa.villas\\\/explore\\\/fr\\\/why-the-french-riviera\\\/#breadcrumb\"},\"inLanguage\":\"fr-FR\",\"potentialAction\":[{\"@type\":\"ReadAction\",\"target\":[\"https:\\\/\\\/www.mimosa.villas\\\/explore\\\/fr\\\/why-the-french-riviera\\\/\"]}]},{\"@type\":\"ImageObject\",\"inLanguage\":\"fr-FR\",\"@id\":\"https:\\\/\\\/www.mimosa.villas\\\/explore\\\/fr\\\/why-the-french-riviera\\\/#primaryimage\",\"url\":\"http:\\\/\\\/www.mimosa.villas\\\/explore\\\/wp-content\\\/uploads\\\/2019\\\/07\\\/French-Riviera4.jpg\",\"contentUrl\":\"http:\\\/\\\/www.mimosa.villas\\\/explore\\\/wp-content\\\/uploads\\\/2019\\\/07\\\/French-Riviera4.jpg\"},{\"@type\":\"BreadcrumbList\",\"@id\":\"https:\\\/\\\/www.mimosa.villas\\\/explore\\\/fr\\\/why-the-french-riviera\\\/#breadcrumb\",\"itemListElement\":[{\"@type\":\"ListItem\",\"position\":1,\"name\":\"Portada\",\"item\":\"https:\\\/\\\/www.mimosa.villas\\\/explore\\\/fr\\\/\"},{\"@type\":\"ListItem\",\"position\":2,\"name\":\"Pourquoi la c\u00f4te d&#8217;Azur?\"}]},{\"@type\":\"WebSite\",\"@id\":\"https:\\\/\\\/www.mimosa.villas\\\/explore\\\/fr\\\/#website\",\"url\":\"https:\\\/\\\/www.mimosa.villas\\\/explore\\\/fr\\\/\",\"name\":\"Blog\",\"description\":\"Mimosa Villas\",\"potentialAction\":[{\"@type\":\"SearchAction\",\"target\":{\"@type\":\"EntryPoint\",\"urlTemplate\":\"https:\\\/\\\/www.mimosa.villas\\\/explore\\\/fr\\\/?s={search_term_string}\"},\"query-input\":{\"@type\":\"PropertyValueSpecification\",\"valueRequired\":true,\"valueName\":\"search_term_string\"}}],\"inLanguage\":\"fr-FR\"}]}<\/script>\n<!-- \/ Yoast SEO plugin. -->","yoast_head_json":{"title":"Pourquoi la c\u00f4te d'Azur? - Blog","robots":{"index":"index","follow":"follow","max-snippet":"max-snippet:-1","max-image-preview":"max-image-preview:large","max-video-preview":"max-video-preview:-1"},"canonical":"https:\/\/www.mimosa.villas\/explore\/fr\/why-the-french-riviera\/","og_locale":"fr_FR","og_type":"article","og_title":"Pourquoi la c\u00f4te d'Azur? - Blog","og_description":"Pourquoi la c\u00f4te d&rsquo;Azur? La France est le premier pays touristique du monde Apr\u00e8s Paris, la c\u00f4te d&rsquo;Azur est la...","og_url":"https:\/\/www.mimosa.villas\/explore\/fr\/why-the-french-riviera\/","og_site_name":"Blog","article_modified_time":"2020-03-10T23:55:56+00:00","og_image":[{"width":930,"height":330,"url":"https:\/\/www.mimosa.villas\/explore\/wp-content\/uploads\/2019\/07\/French-Riviera4.jpg","type":"image\/jpeg"}],"twitter_card":"summary_large_image","twitter_misc":{"Dur\u00e9e de lecture estim\u00e9e":"1 minute"},"schema":{"@context":"https:\/\/schema.org","@graph":[{"@type":"WebPage","@id":"https:\/\/www.mimosa.villas\/explore\/fr\/why-the-french-riviera\/","url":"https:\/\/www.mimosa.villas\/explore\/fr\/why-the-french-riviera\/","name":"Pourquoi la c\u00f4te d'Azur? - Blog","isPartOf":{"@id":"https:\/\/www.mimosa.villas\/explore\/fr\/#website"},"primaryImageOfPage":{"@id":"https:\/\/www.mimosa.villas\/explore\/fr\/why-the-french-riviera\/#primaryimage"},"image":{"@id":"https:\/\/www.mimosa.villas\/explore\/fr\/why-the-french-riviera\/#primaryimage"},"thumbnailUrl":"http:\/\/www.mimosa.villas\/explore\/wp-content\/uploads\/2019\/07\/French-Riviera4.jpg","datePublished":"2019-06-21T20:06:21+00:00","dateModified":"2020-03-10T23:55:56+00:00","breadcrumb":{"@id":"https:\/\/www.mimosa.villas\/explore\/fr\/why-the-french-riviera\/#breadcrumb"},"inLanguage":"fr-FR","potentialAction":[{"@type":"ReadAction","target":["https:\/\/www.mimosa.villas\/explore\/fr\/why-the-french-riviera\/"]}]},{"@type":"ImageObject","inLanguage":"fr-FR","@id":"https:\/\/www.mimosa.villas\/explore\/fr\/why-the-french-riviera\/#primaryimage","url":"http:\/\/www.mimosa.villas\/explore\/wp-content\/uploads\/2019\/07\/French-Riviera4.jpg","contentUrl":"http:\/\/www.mimosa.villas\/explore\/wp-content\/uploads\/2019\/07\/French-Riviera4.jpg"},{"@type":"BreadcrumbList","@id":"https:\/\/www.mimosa.villas\/explore\/fr\/why-the-french-riviera\/#breadcrumb","itemListElement":[{"@type":"ListItem","position":1,"name":"Portada","item":"https:\/\/www.mimosa.villas\/explore\/fr\/"},{"@type":"ListItem","position":2,"name":"Pourquoi la c\u00f4te d&#8217;Azur?"}]},{"@type":"WebSite","@id":"https:\/\/www.mimosa.villas\/explore\/fr\/#website","url":"https:\/\/www.mimosa.villas\/explore\/fr\/","name":"Blog","description":"Mimosa Villas","potentialAction":[{"@type":"SearchAction","target":{"@type":"EntryPoint","urlTemplate":"https:\/\/www.mimosa.villas\/explore\/fr\/?s={search_term_string}"},"query-input":{"@type":"PropertyValueSpecification","valueRequired":true,"valueName":"search_term_string"}}],"inLanguage":"fr-FR"}]}},"_links":{"self":[{"href":"https:\/\/www.mimosa.villas\/explore\/fr\/wp-json\/wp\/v2\/pages\/109","targetHints":{"allow":["GET"]}}],"collection":[{"href":"https:\/\/www.mimosa.villas\/explore\/fr\/wp-json\/wp\/v2\/pages"}],"about":[{"href":"https:\/\/www.mimosa.villas\/explore\/fr\/wp-json\/wp\/v2\/types\/page"}],"author":[{"embeddable":true,"href":"https:\/\/www.mimosa.villas\/explore\/fr\/wp-json\/wp\/v2\/users\/2"}],"replies":[{"embeddable":true,"href":"https:\/\/www.mimosa.villas\/explore\/fr\/wp-json\/wp\/v2\/comments?post=109"}],"version-history":[{"count":5,"href":"https:\/\/www.mimosa.villas\/explore\/fr\/wp-json\/wp\/v2\/pages\/109\/revisions"}],"predecessor-version":[{"id":355,"href":"https:\/\/www.mimosa.villas\/explore\/fr\/wp-json\/wp\/v2\/pages\/109\/revisions\/355"}],"wp:attachment":[{"href":"https:\/\/www.mimosa.villas\/explore\/fr\/wp-json\/wp\/v2\/media?parent=109"}],"curies":[{"name":"wp","href":"https:\/\/api.w.org\/{rel}","templated":true}]}}